{"id":294,"date":"2024-11-28T16:38:27","date_gmt":"2024-11-28T16:38:27","guid":{"rendered":"https:\/\/constancin-agency.com\/?page_id=294"},"modified":"2024-12-03T18:54:43","modified_gmt":"2024-12-03T18:54:43","slug":"services","status":"publish","type":"page","link":"https:\/\/constancin-agency.com\/fr\/services\/","title":{"rendered":"Nos services"},"content":{"rendered":"\t\t<div data-elementor-type=\"wp-page\" data-elementor-id=\"294\" class=\"elementor elementor-294\" data-elementor-post-type=\"page\">\n\t\t\t\t<div class=\"elementor-element elementor-element-4847ef6 e-flex e-con-boxed e-con e-parent\" data-id=\"4847ef6\" data-element_type=\"container\" data-e-type=\"container\" data-settings=\"{&quot;background_background&quot;:&quot;classic&quot;}\">\n\t\t\t\t\t<div class=\"e-con-inner\">\n\t\t\t\t<div class=\"elementor-element elementor-element-68d2db2 elementor-widget elementor-widget-heading\" data-id=\"68d2db2\" data-element_type=\"widget\" data-e-type=\"widget\" data-widget_type=\"heading.default\">\n\t\t\t\t<div class=\"elementor-widget-container\">\n\t\t\t\t\t<h1 class=\"elementor-heading-title elementor-size-default\">Nos services<\/h1>\t\t\t\t<\/div>\n\t\t\t\t<\/div>\n\t\t\t\t\t<\/div>\n\t\t\t\t<\/div>\n\t\t<div class=\"elementor-element elementor-element-fa97e6a e-flex e-con-boxed e-con e-parent\" data-id=\"fa97e6a\" data-element_type=\"container\" data-e-type=\"container\" data-settings=\"{&quot;background_background&quot;:&quot;classic&quot;}\">\n\t\t\t\t\t<div class=\"e-con-inner\">\n\t\t<div class=\"elementor-element elementor-element-91baba4 e-con-full e-flex e-con e-child\" data-id=\"91baba4\" data-element_type=\"container\" data-e-type=\"container\">\n\t\t\t\t<div class=\"elementor-element elementor-element-e345fdb elementor-widget elementor-widget-heading\" data-id=\"e345fdb\" data-element_type=\"widget\" data-e-type=\"widget\" data-widget_type=\"heading.default\">\n\t\t\t\t<div class=\"elementor-widget-container\">\n\t\t\t\t\t<h4 class=\"elementor-heading-title elementor-size-default\">Un partenariat d'excellence<\/h4>\t\t\t\t<\/div>\n\t\t\t\t<\/div>\n\t\t\t\t<div class=\"elementor-element elementor-element-17b4132 elementor-widget elementor-widget-heading\" data-id=\"17b4132\" data-element_type=\"widget\" data-e-type=\"widget\" data-widget_type=\"heading.default\">\n\t\t\t\t<div class=\"elementor-widget-container\">\n\t\t\t\t\t<h2 class=\"elementor-heading-title elementor-size-default\">D\u00e9couvrez nos services sur-mesure<\/h2>\t\t\t\t<\/div>\n\t\t\t\t<\/div>\n\t\t<div class=\"elementor-element elementor-element-0606d80 e-con-full e-flex e-con e-child\" data-id=\"0606d80\" data-element_type=\"container\" data-e-type=\"container\">\n\t\t\t\t<div class=\"elementor-element elementor-element-4182ad6 elementor-widget elementor-widget-text-editor\" data-id=\"4182ad6\" data-element_type=\"widget\" data-e-type=\"widget\" data-widget_type=\"text-editor.default\">\n\t\t\t\t<div class=\"elementor-widget-container\">\n\t\t\t\t\t\t\t\t\t<p>Constancin Agency est votre partenaire de confiance pour des services de conciergerie priv\u00e9e de luxe. Que ce soit pour un besoin ponctuel ou un engagement \u00e0 l&rsquo;ann\u00e9e, nous proposons des solutions personnalis\u00e9es qui s&rsquo;adaptent parfaitement \u00e0 vos exigences. Explorez nos services diversifi\u00e9s, con\u00e7us sp\u00e9cialement pour enrichir votre quotidien et r\u00e9pondre efficacement \u00e0 toutes vos attentes.<\/p>\t\t\t\t\t\t\t\t<\/div>\n\t\t\t\t<\/div>\n\t\t\t\t<\/div>\n\t\t\t\t<div class=\"elementor-element elementor-element-d3830f9 elementor-widget elementor-widget-heading\" data-id=\"d3830f9\" data-element_type=\"widget\" data-e-type=\"widget\" data-widget_type=\"heading.default\">\n\t\t\t\t<div class=\"elementor-widget-container\">\n\t\t\t\t\t<h2 class=\"elementor-heading-title elementor-size-default\">Pourquoi nous choisir ?<\/h2>\t\t\t\t<\/div>\n\t\t\t\t<\/div>\n\t\t<div class=\"elementor-element elementor-element-c01a73d e-con-full e-flex e-con e-child\" data-id=\"c01a73d\" data-element_type=\"container\" data-e-type=\"container\">\n\t\t\t\t<div class=\"elementor-element elementor-element-ce7c567 elementor-widget__width-initial elementor-widget elementor-widget-heading\" data-id=\"ce7c567\" data-element_type=\"widget\" data-e-type=\"widget\" data-widget_type=\"heading.default\">\n\t\t\t\t<div class=\"elementor-widget-container\">\n\t\t\t\t\t<h3 class=\"elementor-heading-title elementor-size-default\">Expertise Exclusive<\/h3>\t\t\t\t<\/div>\n\t\t\t\t<\/div>\n\t\t\t\t<div class=\"elementor-element elementor-element-b81be16 elementor-widget__width-initial elementor-widget-mobile__width-inherit elementor-widget elementor-widget-text-editor\" data-id=\"b81be16\" data-element_type=\"widget\" data-e-type=\"widget\" data-widget_type=\"text-editor.default\">\n\t\t\t\t<div class=\"elementor-widget-container\">\n\t\t\t\t\t\t\t\t\t<p>Nos professionnels sont s\u00e9lectionn\u00e9s pour leur exp\u00e9rience et leur savoir-faire dans l&rsquo;univers du luxe.<\/p>\t\t\t\t\t\t\t\t<\/div>\n\t\t\t\t<\/div>\n\t\t\t\t<\/div>\n\t\t<div class=\"elementor-element elementor-element-6483716 e-con-full e-flex e-con e-child\" data-id=\"6483716\" data-element_type=\"container\" data-e-type=\"container\">\n\t\t\t\t<div class=\"elementor-element elementor-element-8018bef elementor-widget__width-initial elementor-widget elementor-widget-heading\" data-id=\"8018bef\" data-element_type=\"widget\" data-e-type=\"widget\" data-widget_type=\"heading.default\">\n\t\t\t\t<div class=\"elementor-widget-container\">\n\t\t\t\t\t<h3 class=\"elementor-heading-title elementor-size-default\">Sur-mesure<\/h3>\t\t\t\t<\/div>\n\t\t\t\t<\/div>\n\t\t\t\t<div class=\"elementor-element elementor-element-3bd7e9b elementor-widget__width-initial elementor-widget-mobile__width-inherit elementor-widget elementor-widget-text-editor\" data-id=\"3bd7e9b\" data-element_type=\"widget\" data-e-type=\"widget\" data-widget_type=\"text-editor.default\">\n\t\t\t\t<div class=\"elementor-widget-container\">\n\t\t\t\t\t\t\t\t\t<p>Chaque service est soigneusement adapt\u00e9 pour r\u00e9pondre aux besoins sp\u00e9cifiques de nos clients, assurant une satisfaction compl\u00e8te.<\/p>\t\t\t\t\t\t\t\t<\/div>\n\t\t\t\t<\/div>\n\t\t\t\t<\/div>\n\t\t<div class=\"elementor-element elementor-element-90c9a2a e-con-full e-flex e-con e-child\" data-id=\"90c9a2a\" data-element_type=\"container\" data-e-type=\"container\">\n\t\t\t\t<div class=\"elementor-element elementor-element-093292c elementor-widget__width-initial elementor-widget elementor-widget-heading\" data-id=\"093292c\" data-element_type=\"widget\" data-e-type=\"widget\" data-widget_type=\"heading.default\">\n\t\t\t\t<div class=\"elementor-widget-container\">\n\t\t\t\t\t<h3 class=\"elementor-heading-title elementor-size-default\">Disponibilit\u00e9 Mondiale<\/h3>\t\t\t\t<\/div>\n\t\t\t\t<\/div>\n\t\t\t\t<div class=\"elementor-element elementor-element-cbd166a elementor-widget__width-initial elementor-widget-mobile__width-inherit elementor-widget elementor-widget-text-editor\" data-id=\"cbd166a\" data-element_type=\"widget\" data-e-type=\"widget\" data-widget_type=\"text-editor.default\">\n\t\t\t\t<div class=\"elementor-widget-container\">\n\t\t\t\t\t\t\t\t\t<p>Avec des chefs et du personnel disponibles \u00e0 travers le monde, nous sommes pr\u00eats \u00e0 vous servir o\u00f9 que vous soyez.<\/p>\t\t\t\t\t\t\t\t<\/div>\n\t\t\t\t<\/div>\n\t\t\t\t<\/div>\n\t\t<div class=\"elementor-element elementor-element-687e468 e-con-full e-flex e-con e-child\" data-id=\"687e468\" data-element_type=\"container\" data-e-type=\"container\">\n\t\t\t\t<div class=\"elementor-element elementor-element-62a5d1d elementor-widget__width-initial elementor-widget elementor-widget-heading\" data-id=\"62a5d1d\" data-element_type=\"widget\" data-e-type=\"widget\" data-widget_type=\"heading.default\">\n\t\t\t\t<div class=\"elementor-widget-container\">\n\t\t\t\t\t<h3 class=\"elementor-heading-title elementor-size-default\">Confidentialit\u00e9<\/h3>\t\t\t\t<\/div>\n\t\t\t\t<\/div>\n\t\t\t\t<div class=\"elementor-element elementor-element-b045877 elementor-widget__width-initial elementor-widget-mobile__width-inherit elementor-widget elementor-widget-text-editor\" data-id=\"b045877\" data-element_type=\"widget\" data-e-type=\"widget\" data-widget_type=\"text-editor.default\">\n\t\t\t\t<div class=\"elementor-widget-container\">\n\t\t\t\t\t\t\t\t\t<p>Nous maintenons les standards les plus \u00e9lev\u00e9s de discr\u00e9tion pour prot\u00e9ger la vie priv\u00e9e de nos clients.<\/p>\t\t\t\t\t\t\t\t<\/div>\n\t\t\t\t<\/div>\n\t\t\t\t<\/div>\n\t\t\t\t<\/div>\n\t\t<div class=\"elementor-element elementor-element-315646b e-con-full e-flex e-con e-child\" data-id=\"315646b\" data-element_type=\"container\" data-e-type=\"container\">\n\t\t<div class=\"elementor-element elementor-element-133a0f4 e-con-full e-flex e-con e-child\" data-id=\"133a0f4\" data-element_type=\"container\" data-e-type=\"container\">\n\t\t<div class=\"elementor-element elementor-element-b875c45 e-con-full e-flex e-con e-child\" data-id=\"b875c45\" data-element_type=\"container\" data-e-type=\"container\" data-settings=\"{&quot;background_background&quot;:&quot;classic&quot;}\">\n\t\t\t\t<\/div>\n\t\t<div class=\"elementor-element elementor-element-2a55530 e-con-full e-flex e-con e-child\" data-id=\"2a55530\" data-element_type=\"container\" data-e-type=\"container\" data-settings=\"{&quot;background_background&quot;:&quot;classic&quot;}\">\n\t\t\t\t<\/div>\n\t\t\t\t<\/div>\n\t\t\t\t<\/div>\n\t\t\t\t\t<\/div>\n\t\t\t\t<\/div>\n\t\t<div class=\"elementor-element elementor-element-da8a8b9 e-flex e-con-boxed e-con e-parent\" data-id=\"da8a8b9\" data-element_type=\"container\" data-e-type=\"container\" data-settings=\"{&quot;background_background&quot;:&quot;classic&quot;}\">\n\t\t\t\t\t<div class=\"e-con-inner\">\n\t\t\t\t<div class=\"elementor-element elementor-element-8dc1117 elementor-widget elementor-widget-heading\" data-id=\"8dc1117\" data-element_type=\"widget\" data-e-type=\"widget\" data-widget_type=\"heading.default\">\n\t\t\t\t<div class=\"elementor-widget-container\">\n\t\t\t\t\t<h2 class=\"elementor-heading-title elementor-size-default\">Nos prestations<\/h2>\t\t\t\t<\/div>\n\t\t\t\t<\/div>\n\t\t\t\t<div class=\"elementor-element elementor-element-be0157d elementor-widget-divider--view-line elementor-widget elementor-widget-divider\" data-id=\"be0157d\" data-element_type=\"widget\" data-e-type=\"widget\" data-widget_type=\"divider.default\">\n\t\t\t\t<div class=\"elementor-widget-container\">\n\t\t\t\t\t\t\t<div class=\"elementor-divider\">\n\t\t\t<span class=\"elementor-divider-separator\">\n\t\t\t\t\t\t<\/span>\n\t\t<\/div>\n\t\t\t\t\t\t<\/div>\n\t\t\t\t<\/div>\n\t\t<div class=\"elementor-element elementor-element-9398a94 e-con-full e-flex e-con e-child\" data-id=\"9398a94\" data-element_type=\"container\" data-e-type=\"container\">\n\t\t<div class=\"elementor-element elementor-element-8f80b34 e-con-full e-flex e-con e-child\" data-id=\"8f80b34\" data-element_type=\"container\" data-e-type=\"container\">\n\t\t<div class=\"elementor-element elementor-element-ed5320e e-con-full e-flex e-con e-child\" data-id=\"ed5320e\" data-element_type=\"container\" data-e-type=\"container\">\n\t\t\t\t<div class=\"elementor-element elementor-element-dcb0658 elementor-widget elementor-widget-image\" data-id=\"dcb0658\" data-element_type=\"widget\" data-e-type=\"widget\" data-widget_type=\"image.default\">\n\t\t\t\t<div class=\"elementor-widget-container\">\n\t\t\t\t\t\t\t\t\t\t\t\t\t\t\t<img fetchpriority=\"high\" decoding=\"async\" width=\"683\" height=\"1024\" src=\"https:\/\/constancin-agency.com\/wp-content\/uploads\/2024\/11\/9462233-683x1024.jpeg\" class=\"attachment-large size-large wp-image-326\" alt=\"Asian woman cleaning kitchen cabinet with cloth and spray bottle indoors.\" srcset=\"https:\/\/constancin-agency.com\/wp-content\/uploads\/2024\/11\/9462233-683x1024.jpeg 683w, https:\/\/constancin-agency.com\/wp-content\/uploads\/2024\/11\/9462233-200x300.jpeg 200w, https:\/\/constancin-agency.com\/wp-content\/uploads\/2024\/11\/9462233-768x1152.jpeg 768w, https:\/\/constancin-agency.com\/wp-content\/uploads\/2024\/11\/9462233.jpeg 800w\" sizes=\"(max-width: 683px) 100vw, 683px\" \/>\t\t\t\t\t\t\t\t\t\t\t\t\t\t\t<\/div>\n\t\t\t\t<\/div>\n\t\t\t\t<div class=\"elementor-element elementor-element-b21c83c elementor-widget elementor-widget-heading\" data-id=\"b21c83c\" data-element_type=\"widget\" data-e-type=\"widget\" data-widget_type=\"heading.default\">\n\t\t\t\t<div class=\"elementor-widget-container\">\n\t\t\t\t\t<h3 class=\"elementor-heading-title elementor-size-default\">Services Priv\u00e9s Ponctuels<\/h3>\t\t\t\t<\/div>\n\t\t\t\t<\/div>\n\t\t\t\t<div class=\"elementor-element elementor-element-73a6023 elementor-widget elementor-widget-text-editor\" data-id=\"73a6023\" data-element_type=\"widget\" data-e-type=\"widget\" data-widget_type=\"text-editor.default\">\n\t\t\t\t<div class=\"elementor-widget-container\">\n\t\t\t\t\t\t\t\t\t<p>Nos services ponctuels sont parfaits pour des occasions sp\u00e9ciales, des \u00e9v\u00e9nements d&rsquo;entreprise ou simplement pour un luxe quotidien sans tracas. Profitez de notre expertise pour transformer un \u00e9v\u00e9nement ordinaire en une exp\u00e9rience extraordinaire.<\/p>\t\t\t\t\t\t\t\t<\/div>\n\t\t\t\t<\/div>\n\t\t\t\t<\/div>\n\t\t<div class=\"elementor-element elementor-element-4162f2e e-con-full e-flex e-con e-child\" data-id=\"4162f2e\" data-element_type=\"container\" data-e-type=\"container\">\n\t\t\t\t<div class=\"elementor-element elementor-element-46a4d3f elementor-align-center elementor-widget elementor-widget-button\" data-id=\"46a4d3f\" data-element_type=\"widget\" data-e-type=\"widget\" data-widget_type=\"button.default\">\n\t\t\t\t<div class=\"elementor-widget-container\">\n\t\t\t\t\t\t\t\t\t<div class=\"elementor-button-wrapper\">\n\t\t\t\t\t<a class=\"elementor-button elementor-button-link elementor-size-sm\" href=\"https:\/\/constancin-agency.com\/services\/prive-ponctuel\/\">\n\t\t\t\t\t\t<span class=\"elementor-button-content-wrapper\">\n\t\t\t\t\t\t\t\t\t<span class=\"elementor-button-text\">D\u00e9couvrir<\/span>\n\t\t\t\t\t<\/span>\n\t\t\t\t\t<\/a>\n\t\t\t\t<\/div>\n\t\t\t\t\t\t\t\t<\/div>\n\t\t\t\t<\/div>\n\t\t\t\t<\/div>\n\t\t\t\t<\/div>\n\t\t<div class=\"elementor-element elementor-element-91b440a e-con-full e-flex e-con e-child\" data-id=\"91b440a\" data-element_type=\"container\" data-e-type=\"container\">\n\t\t<div class=\"elementor-element elementor-element-bc5e56a e-con-full e-flex e-con e-child\" data-id=\"bc5e56a\" data-element_type=\"container\" data-e-type=\"container\">\n\t\t\t\t<div class=\"elementor-element elementor-element-9135a4e elementor-widget elementor-widget-image\" data-id=\"9135a4e\" data-element_type=\"widget\" data-e-type=\"widget\" data-widget_type=\"image.default\">\n\t\t\t\t<div class=\"elementor-widget-container\">\n\t\t\t\t\t\t\t\t\t\t\t\t\t\t\t<img decoding=\"async\" width=\"768\" height=\"1024\" src=\"https:\/\/constancin-agency.com\/wp-content\/uploads\/2024\/11\/29548511-768x1024.jpeg\" class=\"attachment-large size-large wp-image-313\" alt=\"A woman holds a martini glass amidst a festive setup with gift box.\" srcset=\"https:\/\/constancin-agency.com\/wp-content\/uploads\/2024\/11\/29548511-768x1024.jpeg 768w, https:\/\/constancin-agency.com\/wp-content\/uploads\/2024\/11\/29548511-225x300.jpeg 225w, https:\/\/constancin-agency.com\/wp-content\/uploads\/2024\/11\/29548511.jpeg 900w\" sizes=\"(max-width: 768px) 100vw, 768px\" \/>\t\t\t\t\t\t\t\t\t\t\t\t\t\t\t<\/div>\n\t\t\t\t<\/div>\n\t\t\t\t<div class=\"elementor-element elementor-element-664c2ec elementor-widget elementor-widget-heading\" data-id=\"664c2ec\" data-element_type=\"widget\" data-e-type=\"widget\" data-widget_type=\"heading.default\">\n\t\t\t\t<div class=\"elementor-widget-container\">\n\t\t\t\t\t<h3 class=\"elementor-heading-title elementor-size-default\">Engagement priv\u00e9 \u00e0 l'ann\u00e9e<\/h3>\t\t\t\t<\/div>\n\t\t\t\t<\/div>\n\t\t\t\t<div class=\"elementor-element elementor-element-d433ca4 elementor-widget elementor-widget-text-editor\" data-id=\"d433ca4\" data-element_type=\"widget\" data-e-type=\"widget\" data-widget_type=\"text-editor.default\">\n\t\t\t\t<div class=\"elementor-widget-container\">\n\t\t\t\t\t\t\t\t\t<p>Optez pour un confort quotidien avec notre engagement priv\u00e9 \u00e0 l&rsquo;ann\u00e9e. Ce service comprend tout, de la gestion de votre r\u00e9sidence \u00e0 l&rsquo;organisation d&rsquo;\u00e9v\u00e9nements, en passant par des services personnalis\u00e9s qui rendent chaque jour exceptionnel.<\/p>\t\t\t\t\t\t\t\t<\/div>\n\t\t\t\t<\/div>\n\t\t\t\t<\/div>\n\t\t<div class=\"elementor-element elementor-element-b9f70dd e-con-full e-flex e-con e-child\" data-id=\"b9f70dd\" data-element_type=\"container\" data-e-type=\"container\">\n\t\t\t\t<div class=\"elementor-element elementor-element-1fade47 elementor-align-center elementor-widget elementor-widget-button\" data-id=\"1fade47\" data-element_type=\"widget\" data-e-type=\"widget\" data-widget_type=\"button.default\">\n\t\t\t\t<div class=\"elementor-widget-container\">\n\t\t\t\t\t\t\t\t\t<div class=\"elementor-button-wrapper\">\n\t\t\t\t\t<a class=\"elementor-button elementor-button-link elementor-size-sm\" href=\"https:\/\/constancin-agency.com\/services\/engagement-a-lannee\/\">\n\t\t\t\t\t\t<span class=\"elementor-button-content-wrapper\">\n\t\t\t\t\t\t\t\t\t<span class=\"elementor-button-text\">D\u00e9couvrir<\/span>\n\t\t\t\t\t<\/span>\n\t\t\t\t\t<\/a>\n\t\t\t\t<\/div>\n\t\t\t\t\t\t\t\t<\/div>\n\t\t\t\t<\/div>\n\t\t\t\t<\/div>\n\t\t\t\t<\/div>\n\t\t<div class=\"elementor-element elementor-element-70f6d35 e-con-full e-flex e-con e-child\" data-id=\"70f6d35\" data-element_type=\"container\" data-e-type=\"container\">\n\t\t<div class=\"elementor-element elementor-element-eb1c32f e-con-full e-flex e-con e-child\" data-id=\"eb1c32f\" data-element_type=\"container\" data-e-type=\"container\">\n\t\t\t\t<div class=\"elementor-element elementor-element-d89d844 elementor-widget elementor-widget-image\" data-id=\"d89d844\" data-element_type=\"widget\" data-e-type=\"widget\" data-widget_type=\"image.default\">\n\t\t\t\t<div class=\"elementor-widget-container\">\n\t\t\t\t\t\t\t\t\t\t\t\t\t\t\t<img decoding=\"async\" width=\"679\" height=\"1024\" src=\"https:\/\/constancin-agency.com\/wp-content\/uploads\/2024\/11\/9986235-679x1024.jpeg\" class=\"attachment-large size-large wp-image-311\" alt=\"Adult preparing salad with fresh vegetables, knife, and olive oil in kitchen setting.\" srcset=\"https:\/\/constancin-agency.com\/wp-content\/uploads\/2024\/11\/9986235-679x1024.jpeg 679w, https:\/\/constancin-agency.com\/wp-content\/uploads\/2024\/11\/9986235-199x300.jpeg 199w, https:\/\/constancin-agency.com\/wp-content\/uploads\/2024\/11\/9986235-768x1158.jpeg 768w, https:\/\/constancin-agency.com\/wp-content\/uploads\/2024\/11\/9986235.jpeg 796w\" sizes=\"(max-width: 679px) 100vw, 679px\" \/>\t\t\t\t\t\t\t\t\t\t\t\t\t\t\t<\/div>\n\t\t\t\t<\/div>\n\t\t\t\t<div class=\"elementor-element elementor-element-a4fb5e1 elementor-widget elementor-widget-heading\" data-id=\"a4fb5e1\" data-element_type=\"widget\" data-e-type=\"widget\" data-widget_type=\"heading.default\">\n\t\t\t\t<div class=\"elementor-widget-container\">\n\t\t\t\t\t<h3 class=\"elementor-heading-title elementor-size-default\">Chefs Priv\u00e9s pour Athl\u00e8te<\/h3>\t\t\t\t<\/div>\n\t\t\t\t<\/div>\n\t\t\t\t<div class=\"elementor-element elementor-element-978ca3d elementor-widget elementor-widget-text-editor\" data-id=\"978ca3d\" data-element_type=\"widget\" data-e-type=\"widget\" data-widget_type=\"text-editor.default\">\n\t\t\t\t<div class=\"elementor-widget-container\">\n\t\t\t\t\t\t\t\t\t<p>Nos chefs sp\u00e9cialis\u00e9s en nutrition sportive con\u00e7oivent des r\u00e9gimes alimentaires qui boostent la performance et la sant\u00e9 des athl\u00e8tes. Chaque menu est \u00e9labor\u00e9 pour soutenir les objectifs et les entra\u00eenements des sportifs de haut niveau, avec des ingr\u00e9dients choisis pour leur qualit\u00e9 et leur fra\u00eecheur.<\/p>\t\t\t\t\t\t\t\t<\/div>\n\t\t\t\t<\/div>\n\t\t\t\t<\/div>\n\t\t<div class=\"elementor-element elementor-element-84c02c2 e-con-full e-flex e-con e-child\" data-id=\"84c02c2\" data-element_type=\"container\" data-e-type=\"container\">\n\t\t\t\t<div class=\"elementor-element elementor-element-f7cb114 elementor-align-center elementor-widget elementor-widget-button\" data-id=\"f7cb114\" data-element_type=\"widget\" data-e-type=\"widget\" data-widget_type=\"button.default\">\n\t\t\t\t<div class=\"elementor-widget-container\">\n\t\t\t\t\t\t\t\t\t<div class=\"elementor-button-wrapper\">\n\t\t\t\t\t<a class=\"elementor-button elementor-button-link elementor-size-sm\" href=\"https:\/\/constancin-agency.com\/services\/chef-prive-pour-athlete\/\">\n\t\t\t\t\t\t<span class=\"elementor-button-content-wrapper\">\n\t\t\t\t\t\t\t\t\t<span class=\"elementor-button-text\">D\u00e9couvrir<\/span>\n\t\t\t\t\t<\/span>\n\t\t\t\t\t<\/a>\n\t\t\t\t<\/div>\n\t\t\t\t\t\t\t\t<\/div>\n\t\t\t\t<\/div>\n\t\t\t\t<\/div>\n\t\t\t\t<\/div>\n\t\t\t\t<\/div>\n\t\t\t\t\t<\/div>\n\t\t\t\t<\/div>\n\t\t<div class=\"elementor-element elementor-element-a71c352 e-flex e-con-boxed e-con e-parent\" data-id=\"a71c352\" data-element_type=\"container\" data-e-type=\"container\" data-settings=\"{&quot;background_background&quot;:&quot;classic&quot;}\">\n\t\t\t\t\t<div class=\"e-con-inner\">\n\t\t\t\t<div class=\"elementor-element elementor-element-745563e elementor-widget elementor-widget-spacer\" data-id=\"745563e\" data-element_type=\"widget\" data-e-type=\"widget\" data-widget_type=\"spacer.default\">\n\t\t\t\t<div class=\"elementor-widget-container\">\n\t\t\t\t\t\t\t<div class=\"elementor-spacer\">\n\t\t\t<div class=\"elementor-spacer-inner\"><\/div>\n\t\t<\/div>\n\t\t\t\t\t\t<\/div>\n\t\t\t\t<\/div>\n\t\t\t\t\t<\/div>\n\t\t\t\t<\/div>\n\t\t<div class=\"elementor-element elementor-element-00f9b57 e-flex e-con-boxed e-con e-parent\" data-id=\"00f9b57\" data-element_type=\"container\" data-e-type=\"container\" data-settings=\"{&quot;background_background&quot;:&quot;classic&quot;}\">\n\t\t\t\t\t<div class=\"e-con-inner\">\n\t\t\t\t<div class=\"elementor-element elementor-element-db3dc40 elementor-widget elementor-widget-heading\" data-id=\"db3dc40\" data-element_type=\"widget\" data-e-type=\"widget\" data-widget_type=\"heading.default\">\n\t\t\t\t<div class=\"elementor-widget-container\">\n\t\t\t\t\t<div class=\"elementor-heading-title elementor-size-default\">\u00ab La qualit\u00e9 n'est jamais un accident ; elle est toujours le r\u00e9sultat d'un effort intelligent. \u00bb<\/div>\t\t\t\t<\/div>\n\t\t\t\t<\/div>\n\t\t\t\t\t<\/div>\n\t\t\t\t<\/div>\n\t\t\t\t<\/div>\n\t\t","protected":false},"excerpt":{"rendered":"<p>Nos services Un partenariat d&rsquo;excellence D\u00e9couvrez nos services sur-mesure Constancin Agency est votre partenaire de confiance pour des services de conciergerie priv\u00e9e de luxe. Que ce soit pour un besoin ponctuel ou un engagement \u00e0 l&rsquo;ann\u00e9e, nous proposons des solutions personnalis\u00e9es qui s&rsquo;adaptent parfaitement \u00e0 vos exigences. Explorez nos services diversifi\u00e9s, con\u00e7us sp\u00e9cialement pour enrichir [&hellip;]<\/p>\n","protected":false},"author":1,"featured_media":0,"parent":0,"menu_order":0,"comment_status":"closed","ping_status":"closed","template":"elementor_header_footer","meta":{"_monsterinsights_skip_tracking":false,"_monsterinsights_sitenote_active":false,"_monsterinsights_sitenote_note":"","_monsterinsights_sitenote_category":0,"footnotes":""},"class_list":["post-294","page","type-page","status-publish","hentry"],"_links":{"self":[{"href":"https:\/\/constancin-agency.com\/fr\/wp-json\/wp\/v2\/pages\/294","targetHints":{"allow":["GET"]}}],"collection":[{"href":"https:\/\/constancin-agency.com\/fr\/wp-json\/wp\/v2\/pages"}],"about":[{"href":"https:\/\/constancin-agency.com\/fr\/wp-json\/wp\/v2\/types\/page"}],"author":[{"embeddable":true,"href":"https:\/\/constancin-agency.com\/fr\/wp-json\/wp\/v2\/users\/1"}],"replies":[{"embeddable":true,"href":"https:\/\/constancin-agency.com\/fr\/wp-json\/wp\/v2\/comments?post=294"}],"version-history":[{"count":46,"href":"https:\/\/constancin-agency.com\/fr\/wp-json\/wp\/v2\/pages\/294\/revisions"}],"predecessor-version":[{"id":903,"href":"https:\/\/constancin-agency.com\/fr\/wp-json\/wp\/v2\/pages\/294\/revisions\/903"}],"wp:attachment":[{"href":"https:\/\/constancin-agency.com\/fr\/wp-json\/wp\/v2\/media?parent=294"}],"curies":[{"name":"wp","href":"https:\/\/api.w.org\/{rel}","templated":true}]}}