{"id":524,"date":"2024-12-01T18:28:56","date_gmt":"2024-12-01T18:28:56","guid":{"rendered":"https:\/\/constancin-agency.com\/?page_id=524"},"modified":"2025-03-12T18:00:33","modified_gmt":"2025-03-12T18:00:33","slug":"notre-histoire","status":"publish","type":"page","link":"https:\/\/constancin-agency.com\/fr\/notre-histoire\/","title":{"rendered":"Notre histoire"},"content":{"rendered":"\t\t<div data-elementor-type=\"wp-page\" data-elementor-id=\"524\" class=\"elementor elementor-524\" data-elementor-post-type=\"page\">\n\t\t\t\t<div class=\"elementor-element elementor-element-3890f51 e-flex e-con-boxed e-con e-parent\" data-id=\"3890f51\" data-element_type=\"container\" data-e-type=\"container\" data-settings=\"{&quot;background_background&quot;:&quot;classic&quot;}\">\n\t\t\t\t\t<div class=\"e-con-inner\">\n\t\t\t\t<div class=\"elementor-element elementor-element-1797545 elementor-widget elementor-widget-heading\" data-id=\"1797545\" data-element_type=\"widget\" data-e-type=\"widget\" data-widget_type=\"heading.default\">\n\t\t\t\t<div class=\"elementor-widget-container\">\n\t\t\t\t\t<h1 class=\"elementor-heading-title elementor-size-default\">Notre histoires<\/h1>\t\t\t\t<\/div>\n\t\t\t\t<\/div>\n\t\t\t\t\t<\/div>\n\t\t\t\t<\/div>\n\t\t<div class=\"elementor-element elementor-element-fa97e6a e-flex e-con-boxed e-con e-parent\" data-id=\"fa97e6a\" data-element_type=\"container\" data-e-type=\"container\" data-settings=\"{&quot;background_background&quot;:&quot;classic&quot;}\">\n\t\t\t\t\t<div class=\"e-con-inner\">\n\t\t<div class=\"elementor-element elementor-element-91baba4 e-con-full e-flex e-con e-child\" data-id=\"91baba4\" data-element_type=\"container\" data-e-type=\"container\">\n\t\t\t\t<div class=\"elementor-element elementor-element-e345fdb elementor-widget elementor-widget-heading\" data-id=\"e345fdb\" data-element_type=\"widget\" data-e-type=\"widget\" data-widget_type=\"heading.default\">\n\t\t\t\t<div class=\"elementor-widget-container\">\n\t\t\t\t\t<h4 class=\"elementor-heading-title elementor-size-default\">Un travail d'\u00e9quipe<\/h4>\t\t\t\t<\/div>\n\t\t\t\t<\/div>\n\t\t\t\t<div class=\"elementor-element elementor-element-17b4132 elementor-widget elementor-widget-heading\" data-id=\"17b4132\" data-element_type=\"widget\" data-e-type=\"widget\" data-widget_type=\"heading.default\">\n\t\t\t\t<div class=\"elementor-widget-container\">\n\t\t\t\t\t<h2 class=\"elementor-heading-title elementor-size-default\">Une Passion Commune<\/h2>\t\t\t\t<\/div>\n\t\t\t\t<\/div>\n\t\t<div class=\"elementor-element elementor-element-0606d80 e-con-full e-flex e-con e-child\" data-id=\"0606d80\" data-element_type=\"container\" data-e-type=\"container\">\n\t\t\t\t<div class=\"elementor-element elementor-element-4182ad6 elementor-widget elementor-widget-text-editor\" data-id=\"4182ad6\" data-element_type=\"widget\" data-e-type=\"widget\" data-widget_type=\"text-editor.default\">\n\t\t\t\t<div class=\"elementor-widget-container\">\n\t\t\t\t\t\t\t\t\t<p>Constancin Agency a \u00e9t\u00e9 co-fond\u00e9e par Colin Bodin et Mouhamed Mbengue, deux personnalit\u00e9s remarquables du monde de la haute gastronomie et du service de luxe. Colin et Mouhamed ont chacun forg\u00e9 leur r\u00e9putation au sein de prestigieuses maisons \u00e9toil\u00e9es, o\u00f9 ils ont acquis une profonde compr\u00e9hension de l&rsquo;exigence et de la finesse requises pour exceller dans des environnements de luxe.<\/p><p>Leur vision commune de lier l&rsquo;excellence \u00e0 une \u00e9quipe de talents exceptionnels rencontr\u00e9s au fil de leurs carri\u00e8res les a amen\u00e9s \u00e0 lancer Constancin Agency. Cette entreprise est le r\u00e9sultat de leur d\u00e9sir de cr\u00e9er une synergie entre le savoir-faire gastronomique de haut niveau et une prestation de service in\u00e9gal\u00e9e, destin\u00e9e \u00e0 une client\u00e8le \u00e9lite.<\/p>\t\t\t\t\t\t\t\t<\/div>\n\t\t\t\t<\/div>\n\t\t\t\t<\/div>\n\t\t<div class=\"elementor-element elementor-element-c01a73d e-con-full e-flex e-con e-child\" data-id=\"c01a73d\" data-element_type=\"container\" data-e-type=\"container\">\n\t\t\t\t<div class=\"elementor-element elementor-element-ce7c567 elementor-widget__width-initial elementor-widget elementor-widget-heading\" data-id=\"ce7c567\" data-element_type=\"widget\" data-e-type=\"widget\" data-widget_type=\"heading.default\">\n\t\t\t\t<div class=\"elementor-widget-container\">\n\t\t\t\t\t<h3 class=\"elementor-heading-title elementor-size-default\">Passion<\/h3>\t\t\t\t<\/div>\n\t\t\t\t<\/div>\n\t\t\t\t<div class=\"elementor-element elementor-element-b81be16 elementor-widget__width-initial elementor-widget elementor-widget-text-editor\" data-id=\"b81be16\" data-element_type=\"widget\" data-e-type=\"widget\" data-widget_type=\"text-editor.default\">\n\t\t\t\t<div class=\"elementor-widget-container\">\n\t\t\t\t\t\t\t\t\t<p><span class=\"OYPEnA font-feature-liga-off font-feature-clig-off font-feature-calt-off text-decoration-none text-strikethrough-none\">Chez Constancin Agency, la passion pour l&rsquo;excellence est renforc\u00e9e par le privil\u00e8ge de servir une client\u00e8le d&rsquo;exception. Nos collaborateurs sont constamment motiv\u00e9s \u00e0 exceller, transformant chaque prestation en une passionnante d\u00e9couverte.<\/span><\/p>\t\t\t\t\t\t\t\t<\/div>\n\t\t\t\t<\/div>\n\t\t\t\t<\/div>\n\t\t<div class=\"elementor-element elementor-element-d25b0ae e-con-full e-flex e-con e-child\" data-id=\"d25b0ae\" data-element_type=\"container\" data-e-type=\"container\">\n\t\t\t\t<div class=\"elementor-element elementor-element-c3a2ce4 elementor-widget__width-initial elementor-widget elementor-widget-heading\" data-id=\"c3a2ce4\" data-element_type=\"widget\" data-e-type=\"widget\" data-widget_type=\"heading.default\">\n\t\t\t\t<div class=\"elementor-widget-container\">\n\t\t\t\t\t<h3 class=\"elementor-heading-title elementor-size-default\">Int\u00e9grit\u00e9 <\/h3>\t\t\t\t<\/div>\n\t\t\t\t<\/div>\n\t\t\t\t<div class=\"elementor-element elementor-element-fe7e33d elementor-widget__width-initial elementor-widget elementor-widget-text-editor\" data-id=\"fe7e33d\" data-element_type=\"widget\" data-e-type=\"widget\" data-widget_type=\"text-editor.default\">\n\t\t\t\t<div class=\"elementor-widget-container\">\n\t\t\t\t\t\t\t\t\t<p>Chaque membre de notre \u00e9quipe agit avec int\u00e9grit\u00e9 et honn\u00eatet\u00e9, des valeurs qui nous permettent de b\u00e2tir des relations de confiance durable avec nos clients et partenaires.<\/p>\t\t\t\t\t\t\t\t<\/div>\n\t\t\t\t<\/div>\n\t\t\t\t<\/div>\n\t\t<div class=\"elementor-element elementor-element-6483716 e-con-full e-flex e-con e-child\" data-id=\"6483716\" data-element_type=\"container\" data-e-type=\"container\">\n\t\t\t\t<div class=\"elementor-element elementor-element-8018bef elementor-widget__width-initial elementor-widget elementor-widget-heading\" data-id=\"8018bef\" data-element_type=\"widget\" data-e-type=\"widget\" data-widget_type=\"heading.default\">\n\t\t\t\t<div class=\"elementor-widget-container\">\n\t\t\t\t\t<h3 class=\"elementor-heading-title elementor-size-default\">Qualit\u00e9<\/h3>\t\t\t\t<\/div>\n\t\t\t\t<\/div>\n\t\t\t\t<div class=\"elementor-element elementor-element-3bd7e9b elementor-widget__width-initial elementor-widget elementor-widget-text-editor\" data-id=\"3bd7e9b\" data-element_type=\"widget\" data-e-type=\"widget\" data-widget_type=\"text-editor.default\">\n\t\t\t\t<div class=\"elementor-widget-container\">\n\t\t\t\t\t\t\t\t\t<p><span class=\"OYPEnA font-feature-liga-off font-feature-clig-off font-feature-calt-off text-decoration-none text-strikethrough-none\">La qualit\u00e9 est le pilier de Constancin Agency. De la s\u00e9lection des ingr\u00e9dients \u00e0 la pr\u00e9sentation des plats, nous nous engageons \u00e0 maintenir des standards d&rsquo;excellence sans compromis pour satisfaire les plus exigeants.<\/span><\/p>\t\t\t\t\t\t\t\t<\/div>\n\t\t\t\t<\/div>\n\t\t\t\t<\/div>\n\t\t<div class=\"elementor-element elementor-element-90c9a2a e-con-full e-flex e-con e-child\" data-id=\"90c9a2a\" data-element_type=\"container\" data-e-type=\"container\">\n\t\t\t\t<div class=\"elementor-element elementor-element-093292c elementor-widget__width-initial elementor-widget elementor-widget-heading\" data-id=\"093292c\" data-element_type=\"widget\" data-e-type=\"widget\" data-widget_type=\"heading.default\">\n\t\t\t\t<div class=\"elementor-widget-container\">\n\t\t\t\t\t<h3 class=\"elementor-heading-title elementor-size-default\">Discr\u00e9tion<\/h3>\t\t\t\t<\/div>\n\t\t\t\t<\/div>\n\t\t\t\t<div class=\"elementor-element elementor-element-cbd166a elementor-widget__width-initial elementor-widget elementor-widget-text-editor\" data-id=\"cbd166a\" data-element_type=\"widget\" data-e-type=\"widget\" data-widget_type=\"text-editor.default\">\n\t\t\t\t<div class=\"elementor-widget-container\">\n\t\t\t\t\t\t\t\t\t<p><span class=\"OYPEnA font-feature-liga-off font-feature-clig-off font-feature-calt-off text-decoration-none text-strikethrough-none\">Nous accordons une importance primordiale \u00e0 la confidentialit\u00e9 de nos clients. Nos professionnels sont rigoureusement form\u00e9s pour garantir discr\u00e9tion et respect de la vie priv\u00e9e de nos clients.<\/span><\/p>\t\t\t\t\t\t\t\t<\/div>\n\t\t\t\t<\/div>\n\t\t\t\t<\/div>\n\t\t<div class=\"elementor-element elementor-element-21960e8 e-con-full e-flex e-con e-child\" data-id=\"21960e8\" data-element_type=\"container\" data-e-type=\"container\">\n\t\t\t\t<\/div>\n\t\t\t\t<\/div>\n\t\t<div class=\"elementor-element elementor-element-315646b e-con-full e-flex e-con e-child\" data-id=\"315646b\" data-element_type=\"container\" data-e-type=\"container\">\n\t\t<div class=\"elementor-element elementor-element-133a0f4 e-con-full e-flex e-con e-child\" data-id=\"133a0f4\" data-element_type=\"container\" data-e-type=\"container\">\n\t\t<div class=\"elementor-element elementor-element-b875c45 e-con-full e-flex e-con e-child\" data-id=\"b875c45\" data-element_type=\"container\" data-e-type=\"container\" data-settings=\"{&quot;background_background&quot;:&quot;classic&quot;}\">\n\t\t\t\t<\/div>\n\t\t<div class=\"elementor-element elementor-element-6c6eea1 e-con-full e-flex e-con e-child\" data-id=\"6c6eea1\" data-element_type=\"container\" data-e-type=\"container\" data-settings=\"{&quot;background_background&quot;:&quot;classic&quot;}\">\n\t\t\t\t<\/div>\n\t\t\t\t<\/div>\n\t\t\t\t<\/div>\n\t\t\t\t\t<\/div>\n\t\t\t\t<\/div>\n\t\t<div class=\"elementor-element elementor-element-d84942e e-flex e-con-boxed e-con e-parent\" data-id=\"d84942e\" data-element_type=\"container\" data-e-type=\"container\" data-settings=\"{&quot;background_background&quot;:&quot;classic&quot;}\">\n\t\t\t\t\t<div class=\"e-con-inner\">\n\t\t\t\t<div class=\"elementor-element elementor-element-fed1e58 elementor-widget elementor-widget-heading\" data-id=\"fed1e58\" data-element_type=\"widget\" data-e-type=\"widget\" data-widget_type=\"heading.default\">\n\t\t\t\t<div class=\"elementor-widget-container\">\n\t\t\t\t\t<h2 class=\"elementor-heading-title elementor-size-default\">Ce sont dans les d\u00e9tails que se trouve le vrai luxe.<\/h2>\t\t\t\t<\/div>\n\t\t\t\t<\/div>\n\t\t\t\t\t<\/div>\n\t\t\t\t<\/div>\n\t\t<div class=\"elementor-element elementor-element-da8a8b9 e-flex e-con-boxed e-con e-parent\" data-id=\"da8a8b9\" data-element_type=\"container\" data-e-type=\"container\" data-settings=\"{&quot;background_background&quot;:&quot;classic&quot;}\">\n\t\t\t\t\t<div class=\"e-con-inner\">\n\t\t<div class=\"elementor-element elementor-element-9398a94 e-con-full e-flex e-con e-child\" data-id=\"9398a94\" data-element_type=\"container\" data-e-type=\"container\">\n\t\t<div class=\"elementor-element elementor-element-8f80b34 e-con-full e-flex e-con e-child\" data-id=\"8f80b34\" data-element_type=\"container\" data-e-type=\"container\">\n\t\t<div class=\"elementor-element elementor-element-ed5320e e-con-full e-flex e-con e-child\" data-id=\"ed5320e\" data-element_type=\"container\" data-e-type=\"container\">\n\t\t\t\t<div class=\"elementor-element elementor-element-dcb0658 elementor-widget elementor-widget-image\" data-id=\"dcb0658\" data-element_type=\"widget\" data-e-type=\"widget\" data-widget_type=\"image.default\">\n\t\t\t\t<div class=\"elementor-widget-container\">\n\t\t\t\t\t\t\t\t\t\t\t\t\t\t\t<img fetchpriority=\"high\" decoding=\"async\" width=\"683\" height=\"1024\" src=\"https:\/\/constancin-agency.com\/wp-content\/uploads\/2024\/12\/f2j0fba4ujg-683x1024.jpg\" class=\"attachment-large size-large wp-image-552\" alt=\"white book page beside clear glass bottle\" srcset=\"https:\/\/constancin-agency.com\/wp-content\/uploads\/2024\/12\/f2j0fba4ujg-683x1024.jpg 683w, https:\/\/constancin-agency.com\/wp-content\/uploads\/2024\/12\/f2j0fba4ujg-200x300.jpg 200w, https:\/\/constancin-agency.com\/wp-content\/uploads\/2024\/12\/f2j0fba4ujg-768x1152.jpg 768w, https:\/\/constancin-agency.com\/wp-content\/uploads\/2024\/12\/f2j0fba4ujg.jpg 800w\" sizes=\"(max-width: 683px) 100vw, 683px\" \/>\t\t\t\t\t\t\t\t\t\t\t\t\t\t\t<\/div>\n\t\t\t\t<\/div>\n\t\t\t\t<\/div>\n\t\t\t\t<\/div>\n\t\t<div class=\"elementor-element elementor-element-70f6d35 e-con-full e-flex e-con e-child\" data-id=\"70f6d35\" data-element_type=\"container\" data-e-type=\"container\">\n\t\t<div class=\"elementor-element elementor-element-eb1c32f e-con-full e-flex e-con e-child\" data-id=\"eb1c32f\" data-element_type=\"container\" data-e-type=\"container\">\n\t\t\t\t<div class=\"elementor-element elementor-element-8dc1117 elementor-widget elementor-widget-heading\" data-id=\"8dc1117\" data-element_type=\"widget\" data-e-type=\"widget\" data-widget_type=\"heading.default\">\n\t\t\t\t<div class=\"elementor-widget-container\">\n\t\t\t\t\t<h2 class=\"elementor-heading-title elementor-size-default\">Nos valeurs<\/h2>\t\t\t\t<\/div>\n\t\t\t\t<\/div>\n\t\t\t\t<div class=\"elementor-element elementor-element-be0157d elementor-widget-divider--view-line elementor-widget elementor-widget-divider\" data-id=\"be0157d\" data-element_type=\"widget\" data-e-type=\"widget\" data-widget_type=\"divider.default\">\n\t\t\t\t<div class=\"elementor-widget-container\">\n\t\t\t\t\t\t\t<div class=\"elementor-divider\">\n\t\t\t<span class=\"elementor-divider-separator\">\n\t\t\t\t\t\t<\/span>\n\t\t<\/div>\n\t\t\t\t\t\t<\/div>\n\t\t\t\t<\/div>\n\t\t\t\t<div class=\"elementor-element elementor-element-978ca3d elementor-widget elementor-widget-text-editor\" data-id=\"978ca3d\" data-element_type=\"widget\" data-e-type=\"widget\" data-widget_type=\"text-editor.default\">\n\t\t\t\t<div class=\"elementor-widget-container\">\n\t\t\t\t\t\t\t\t\t<p>Chez Constancin Agency, nous privil\u00e9gions l&rsquo;excellence et l&rsquo;authenticit\u00e9 des produits. Gr\u00e2ce \u00e0 notre r\u00e9seau de producteurs d&rsquo;exception, nous s\u00e9lectionnons des ingr\u00e9dients de haute qualit\u00e9 ainsi que des vins d&rsquo;exception. Cette d\u00e9marche nous permet de garantir non seulement la fra\u00eecheur, mais aussi l&rsquo;exclusivit\u00e9 des produits utilis\u00e9s par nos chefs et butler.\u00a0<\/p><p>Nous sommes \u00e9galement d\u00e9di\u00e9s \u00e0 offrir des opportunit\u00e9s aux talents \u00e9mergents dans l&rsquo;industrie, en fournissant des formations et des programmes de mentorat pour les pr\u00e9parer \u00e0 exceller dans leur domaine. Cette initiative nous permet de nourrir la prochaine g\u00e9n\u00e9ration de professionnels tout en apportant une nouvelle \u00e9nergie et de nouvelles id\u00e9es \u00e0 notre \u00e9quipe.<\/p><p>Notre promesse est de livrer un service de qualit\u00e9 sup\u00e9rieure. Nous garantissons une attention m\u00e9ticuleuse \u00e0 chaque d\u00e9tail et une personnalisation pour chaque \u00e9v\u00e9nement, assurant une exp\u00e9rience exceptionnelle pour chaque client.<\/p>\t\t\t\t\t\t\t\t<\/div>\n\t\t\t\t<\/div>\n\t\t\t\t<\/div>\n\t\t\t\t<\/div>\n\t\t\t\t<\/div>\n\t\t\t\t\t<\/div>\n\t\t\t\t<\/div>\n\t\t<div class=\"elementor-element elementor-element-f4eace4 e-flex e-con-boxed e-con e-parent\" data-id=\"f4eace4\" data-element_type=\"container\" data-e-type=\"container\" data-settings=\"{&quot;background_background&quot;:&quot;classic&quot;}\">\n\t\t\t\t\t<div class=\"e-con-inner\">\n\t\t\t\t<div class=\"elementor-element elementor-element-1db8b34 elementor-widget elementor-widget-heading\" data-id=\"1db8b34\" data-element_type=\"widget\" data-e-type=\"widget\" data-widget_type=\"heading.default\">\n\t\t\t\t<div class=\"elementor-widget-container\">\n\t\t\t\t\t<h4 class=\"elementor-heading-title elementor-size-default\">Un d\u00e9tail qui n'en est pas un<\/h4>\t\t\t\t<\/div>\n\t\t\t\t<\/div>\n\t\t\t\t<div class=\"elementor-element elementor-element-5b689b6 elementor-widget elementor-widget-heading\" data-id=\"5b689b6\" data-element_type=\"widget\" data-e-type=\"widget\" data-widget_type=\"heading.default\">\n\t\t\t\t<div class=\"elementor-widget-container\">\n\t\t\t\t\t<h2 class=\"elementor-heading-title elementor-size-default\">Contactez-nous<\/h2>\t\t\t\t<\/div>\n\t\t\t\t<\/div>\n\t\t\t\t<div class=\"elementor-element elementor-element-cce7011 elementor-widget elementor-widget-text-editor\" data-id=\"cce7011\" data-element_type=\"widget\" data-e-type=\"widget\" data-widget_type=\"text-editor.default\">\n\t\t\t\t<div class=\"elementor-widget-container\">\n\t\t\t\t\t\t\t\t\t<p>Pour plus d&rsquo;informations sur nos prestations et obtenir votre devis sur mesure<\/p>\t\t\t\t\t\t\t\t<\/div>\n\t\t\t\t<\/div>\n\t\t\t\t<div class=\"elementor-element elementor-element-f71136d elementor-align-center elementor-widget elementor-widget-button\" data-id=\"f71136d\" data-element_type=\"widget\" data-e-type=\"widget\" data-widget_type=\"button.default\">\n\t\t\t\t<div class=\"elementor-widget-container\">\n\t\t\t\t\t\t\t\t\t<div class=\"elementor-button-wrapper\">\n\t\t\t\t\t<a class=\"elementor-button elementor-button-link elementor-size-sm\" href=\"https:\/\/constancin-agency.com\/fr\/contact\/\">\n\t\t\t\t\t\t<span class=\"elementor-button-content-wrapper\">\n\t\t\t\t\t\t\t\t\t<span class=\"elementor-button-text\">Contactez-nous<\/span>\n\t\t\t\t\t<\/span>\n\t\t\t\t\t<\/a>\n\t\t\t\t<\/div>\n\t\t\t\t\t\t\t\t<\/div>\n\t\t\t\t<\/div>\n\t\t\t\t\t<\/div>\n\t\t\t\t<\/div>\n\t\t\t\t<\/div>\n\t\t","protected":false},"excerpt":{"rendered":"<p>Notre histoires Un travail d&rsquo;\u00e9quipe Une Passion Commune Constancin Agency a \u00e9t\u00e9 co-fond\u00e9e par Colin Bodin et Mouhamed Mbengue, deux personnalit\u00e9s remarquables du monde de la haute gastronomie et du service de luxe. Colin et Mouhamed ont chacun forg\u00e9 leur r\u00e9putation au sein de prestigieuses maisons \u00e9toil\u00e9es, o\u00f9 ils ont acquis une profonde compr\u00e9hension de [&hellip;]<\/p>\n","protected":false},"author":1,"featured_media":0,"parent":0,"menu_order":0,"comment_status":"closed","ping_status":"closed","template":"elementor_header_footer","meta":{"_monsterinsights_skip_tracking":false,"_monsterinsights_sitenote_active":false,"_monsterinsights_sitenote_note":"","_monsterinsights_sitenote_category":0,"footnotes":""},"class_list":["post-524","page","type-page","status-publish","hentry"],"_links":{"self":[{"href":"https:\/\/constancin-agency.com\/fr\/wp-json\/wp\/v2\/pages\/524","targetHints":{"allow":["GET"]}}],"collection":[{"href":"https:\/\/constancin-agency.com\/fr\/wp-json\/wp\/v2\/pages"}],"about":[{"href":"https:\/\/constancin-agency.com\/fr\/wp-json\/wp\/v2\/types\/page"}],"author":[{"embeddable":true,"href":"https:\/\/constancin-agency.com\/fr\/wp-json\/wp\/v2\/users\/1"}],"replies":[{"embeddable":true,"href":"https:\/\/constancin-agency.com\/fr\/wp-json\/wp\/v2\/comments?post=524"}],"version-history":[{"count":34,"href":"https:\/\/constancin-agency.com\/fr\/wp-json\/wp\/v2\/pages\/524\/revisions"}],"predecessor-version":[{"id":979,"href":"https:\/\/constancin-agency.com\/fr\/wp-json\/wp\/v2\/pages\/524\/revisions\/979"}],"wp:attachment":[{"href":"https:\/\/constancin-agency.com\/fr\/wp-json\/wp\/v2\/media?parent=524"}],"curies":[{"name":"wp","href":"https:\/\/api.w.org\/{rel}","templated":true}]}}