{"id":865,"date":"2024-12-03T18:25:12","date_gmt":"2024-12-03T18:25:12","guid":{"rendered":"https:\/\/constancin-agency.com\/?page_id=865"},"modified":"2024-12-03T18:33:44","modified_gmt":"2024-12-03T18:33:44","slug":"politique-de-confidentialite","status":"publish","type":"page","link":"https:\/\/constancin-agency.com\/fr\/politique-de-confidentialite\/","title":{"rendered":"Politique de confidentialit\u00e9"},"content":{"rendered":"\t\t<div data-elementor-type=\"wp-page\" data-elementor-id=\"865\" class=\"elementor elementor-865\" data-elementor-post-type=\"page\">\n\t\t\t\t<div class=\"elementor-element elementor-element-9f4f0ec e-flex e-con-boxed e-con e-parent\" data-id=\"9f4f0ec\" data-element_type=\"container\" data-e-type=\"container\" data-settings=\"{&quot;background_background&quot;:&quot;classic&quot;}\">\n\t\t\t\t\t<div class=\"e-con-inner\">\n\t\t\t\t<div class=\"elementor-element elementor-element-a57b1ae elementor-widget elementor-widget-heading\" data-id=\"a57b1ae\" data-element_type=\"widget\" data-e-type=\"widget\" data-widget_type=\"heading.default\">\n\t\t\t\t<div class=\"elementor-widget-container\">\n\t\t\t\t\t<h1 class=\"elementor-heading-title elementor-size-default\">Politique de confidentialit\u00e9 et mentions l\u00e9gales<\/h1>\t\t\t\t<\/div>\n\t\t\t\t<\/div>\n\t\t\t\t\t<\/div>\n\t\t\t\t<\/div>\n\t\t<div class=\"elementor-element elementor-element-47df373 e-flex e-con-boxed e-con e-parent\" data-id=\"47df373\" data-element_type=\"container\" data-e-type=\"container\" data-settings=\"{&quot;background_background&quot;:&quot;classic&quot;}\">\n\t\t\t\t\t<div class=\"e-con-inner\">\n\t\t<div class=\"elementor-element elementor-element-d3810d6 e-con-full e-flex e-con e-child\" data-id=\"d3810d6\" data-element_type=\"container\" data-e-type=\"container\">\n\t\t\t\t<div class=\"elementor-element elementor-element-6dfcd1f elementor-widget elementor-widget-heading\" data-id=\"6dfcd1f\" data-element_type=\"widget\" data-e-type=\"widget\" data-widget_type=\"heading.default\">\n\t\t\t\t<div class=\"elementor-widget-container\">\n\t\t\t\t\t<h2 class=\"elementor-heading-title elementor-size-default\">Politique de confidentialit\u00e9<\/h2>\t\t\t\t<\/div>\n\t\t\t\t<\/div>\n\t\t<div class=\"elementor-element elementor-element-a1bcc43 e-con-full e-flex e-con e-child\" data-id=\"a1bcc43\" data-element_type=\"container\" data-e-type=\"container\">\n\t\t\t\t<div class=\"elementor-element elementor-element-e1aabc5 elementor-widget elementor-widget-heading\" data-id=\"e1aabc5\" data-element_type=\"widget\" data-e-type=\"widget\" data-widget_type=\"heading.default\">\n\t\t\t\t<div class=\"elementor-widget-container\">\n\t\t\t\t\t<h3 class=\"elementor-heading-title elementor-size-default\">Collecte des Donn\u00e9es Personnelles<\/h3>\t\t\t\t<\/div>\n\t\t\t\t<\/div>\n\t\t\t\t<div class=\"elementor-element elementor-element-415e120 elementor-widget elementor-widget-text-editor\" data-id=\"415e120\" data-element_type=\"widget\" data-e-type=\"widget\" data-widget_type=\"text-editor.default\">\n\t\t\t\t<div class=\"elementor-widget-container\">\n\t\t\t\t\t\t\t\t\t<p>Nous pouvons collecter des informations personnelles telles que votre nom, votre adresse e-mail et votre num\u00e9ro de t\u00e9l\u00e9phone lorsque vous visitez notre site web. Ces donn\u00e9es sont collect\u00e9es uniquement avec votre consentement explicite.<\/p>\t\t\t\t\t\t\t\t<\/div>\n\t\t\t\t<\/div>\n\t\t\t\t<\/div>\n\t\t<div class=\"elementor-element elementor-element-11bb356 e-con-full e-flex e-con e-child\" data-id=\"11bb356\" data-element_type=\"container\" data-e-type=\"container\">\n\t\t\t\t<div class=\"elementor-element elementor-element-d34eed0 elementor-widget elementor-widget-heading\" data-id=\"d34eed0\" data-element_type=\"widget\" data-e-type=\"widget\" data-widget_type=\"heading.default\">\n\t\t\t\t<div class=\"elementor-widget-container\">\n\t\t\t\t\t<h3 class=\"elementor-heading-title elementor-size-default\">Utilisation des Donn\u00e9es<\/h3>\t\t\t\t<\/div>\n\t\t\t\t<\/div>\n\t\t\t\t<div class=\"elementor-element elementor-element-5fad073 elementor-widget elementor-widget-text-editor\" data-id=\"5fad073\" data-element_type=\"widget\" data-e-type=\"widget\" data-widget_type=\"text-editor.default\">\n\t\t\t\t<div class=\"elementor-widget-container\">\n\t\t\t\t\t\t\t\t\t<p>Nous utilisons les informations personnelles que vous nous fournissez pour r\u00e9pondre \u00e0 vos demandes, vous envoyer des informations sur nos produits et services, et am\u00e9liorer votre exp\u00e9rience sur notre site web.<\/p>\t\t\t\t\t\t\t\t<\/div>\n\t\t\t\t<\/div>\n\t\t\t\t<\/div>\n\t\t<div class=\"elementor-element elementor-element-a9bc064 e-con-full e-flex e-con e-child\" data-id=\"a9bc064\" data-element_type=\"container\" data-e-type=\"container\">\n\t\t\t\t<div class=\"elementor-element elementor-element-e05dfa2 elementor-widget elementor-widget-heading\" data-id=\"e05dfa2\" data-element_type=\"widget\" data-e-type=\"widget\" data-widget_type=\"heading.default\">\n\t\t\t\t<div class=\"elementor-widget-container\">\n\t\t\t\t\t<h3 class=\"elementor-heading-title elementor-size-default\">Cookies et Google Analytics<\/h3>\t\t\t\t<\/div>\n\t\t\t\t<\/div>\n\t\t\t\t<div class=\"elementor-element elementor-element-5079a63 elementor-widget elementor-widget-text-editor\" data-id=\"5079a63\" data-element_type=\"widget\" data-e-type=\"widget\" data-widget_type=\"text-editor.default\">\n\t\t\t\t<div class=\"elementor-widget-container\">\n\t\t\t\t\t\t\t\t\t<p>Notre site web utilise des cookies pour am\u00e9liorer la navigation et l\u2019exp\u00e9rience de l\u2019utilisateur. Nous utilisons \u00e9galement Google Analytics, un service d\u2019analyse web fourni par Google, Inc. Google Analytics utilise des cookies pour suivre comment les utilisateurs interagissent avec notre site web. Les informations collect\u00e9es par Google Analytics sont anonymes et ne sont pas directement li\u00e9es \u00e0 votre identit\u00e9 personnelle.<\/p><p>Vous pouvez en savoir plus sur la mani\u00e8re dont Google Analytics collecte et traite les donn\u00e9es en consultant la politique de confidentialit\u00e9 de Google :\u00a0<a href=\"https:\/\/policies.google.com\/privacy\" target=\"_blank\" rel=\"noopener noreferrer nofollow\">Politique de confidentialit\u00e9 de Google<\/a>.<\/p>\t\t\t\t\t\t\t\t<\/div>\n\t\t\t\t<\/div>\n\t\t\t\t<div class=\"elementor-element elementor-element-0422e91 elementor-widget elementor-widget-heading\" data-id=\"0422e91\" data-element_type=\"widget\" data-e-type=\"widget\" data-widget_type=\"heading.default\">\n\t\t\t\t<div class=\"elementor-widget-container\">\n\t\t\t\t\t<h3 class=\"elementor-heading-title elementor-size-default\">S\u00e9curit\u00e9 des Donn\u00e9es<\/h3>\t\t\t\t<\/div>\n\t\t\t\t<\/div>\n\t\t\t\t<div class=\"elementor-element elementor-element-e4174e7 elementor-widget elementor-widget-text-editor\" data-id=\"e4174e7\" data-element_type=\"widget\" data-e-type=\"widget\" data-widget_type=\"text-editor.default\">\n\t\t\t\t<div class=\"elementor-widget-container\">\n\t\t\t\t\t\t\t\t\t<p>Nous prenons des mesures de s\u00e9curit\u00e9 appropri\u00e9es pour prot\u00e9ger vos donn\u00e9es personnelles contre les acc\u00e8s non autoris\u00e9s, les pertes, les alt\u00e9rations ou les divulgations.<\/p>\t\t\t\t\t\t\t\t<\/div>\n\t\t\t\t<\/div>\n\t\t\t\t<div class=\"elementor-element elementor-element-4528d22 elementor-widget elementor-widget-heading\" data-id=\"4528d22\" data-element_type=\"widget\" data-e-type=\"widget\" data-widget_type=\"heading.default\">\n\t\t\t\t<div class=\"elementor-widget-container\">\n\t\t\t\t\t<h3 class=\"elementor-heading-title elementor-size-default\">Droits des Utilisateurs<\/h3>\t\t\t\t<\/div>\n\t\t\t\t<\/div>\n\t\t\t\t<div class=\"elementor-element elementor-element-e96a309 elementor-widget elementor-widget-text-editor\" data-id=\"e96a309\" data-element_type=\"widget\" data-e-type=\"widget\" data-widget_type=\"text-editor.default\">\n\t\t\t\t<div class=\"elementor-widget-container\">\n\t\t\t\t\t\t\t\t\t<p>Vous avez le droit d\u2019acc\u00e9der \u00e0 vos donn\u00e9es personnelles, de les rectifier, de les supprimer ou de les transf\u00e9rer. Pour exercer ces droits ou poser des questions sur notre politique de confidentialit\u00e9, veuillez nous contacter \u00e0 l\u2019adresse fournie dans la page contact.<\/p>\t\t\t\t\t\t\t\t<\/div>\n\t\t\t\t<\/div>\n\t\t\t\t<div class=\"elementor-element elementor-element-f745850 elementor-widget elementor-widget-heading\" data-id=\"f745850\" data-element_type=\"widget\" data-e-type=\"widget\" data-widget_type=\"heading.default\">\n\t\t\t\t<div class=\"elementor-widget-container\">\n\t\t\t\t\t<h2 class=\"elementor-heading-title elementor-size-default\">Mentions l\u00e9gales<\/h2>\t\t\t\t<\/div>\n\t\t\t\t<\/div>\n\t\t\t\t<div class=\"elementor-element elementor-element-c80cf34 elementor-widget elementor-widget-heading\" data-id=\"c80cf34\" data-element_type=\"widget\" data-e-type=\"widget\" data-widget_type=\"heading.default\">\n\t\t\t\t<div class=\"elementor-widget-container\">\n\t\t\t\t\t<h3 class=\"elementor-heading-title elementor-size-default\">Soci\u00e9t\u00e9 exploitant le site<\/h3>\t\t\t\t<\/div>\n\t\t\t\t<\/div>\n\t\t\t\t<div class=\"elementor-element elementor-element-6a0458e elementor-widget elementor-widget-text-editor\" data-id=\"6a0458e\" data-element_type=\"widget\" data-e-type=\"widget\" data-widget_type=\"text-editor.default\">\n\t\t\t\t<div class=\"elementor-widget-container\">\n\t\t\t\t\t\t\t\t\t<p>Constancin Chef Agency<\/p><p><b>CONTACT :<br \/><\/b><a href=\"mailto:sales@constancin-agency.com\">sales@constancin-agency.com<\/a><br \/><a href=\"tel:+41793753096\">+41 (0) 79 375 30 96<\/a><\/p>\t\t\t\t\t\t\t\t<\/div>\n\t\t\t\t<\/div>\n\t\t\t\t<div class=\"elementor-element elementor-element-4cf9f45 elementor-widget elementor-widget-heading\" data-id=\"4cf9f45\" data-element_type=\"widget\" data-e-type=\"widget\" data-widget_type=\"heading.default\">\n\t\t\t\t<div class=\"elementor-widget-container\">\n\t\t\t\t\t<h3 class=\"elementor-heading-title elementor-size-default\">H\u00e9bergement, design et d\u00e9veloppement web\n<\/h3>\t\t\t\t<\/div>\n\t\t\t\t<\/div>\n\t\t\t\t<div class=\"elementor-element elementor-element-7081d75 elementor-widget elementor-widget-text-editor\" data-id=\"7081d75\" data-element_type=\"widget\" data-e-type=\"widget\" data-widget_type=\"text-editor.default\">\n\t\t\t\t<div class=\"elementor-widget-container\">\n\t\t\t\t\t\t\t\t\t<p>ADigital \u2013 SUISSE<\/p><p><a href=\"http:\/\/www.a-digital.ch\/\" target=\"_blank\" rel=\"noopener noreferrer nofollow\">www.a-digital.ch<\/a><\/p><p>INFOMANIAK\u00a0<\/p>\t\t\t\t\t\t\t\t<\/div>\n\t\t\t\t<\/div>\n\t\t\t\t<\/div>\n\t\t\t\t<\/div>\n\t\t\t\t\t<\/div>\n\t\t\t\t<\/div>\n\t\t\t\t<\/div>\n\t\t","protected":false},"excerpt":{"rendered":"<p>Politique de confidentialit\u00e9 et mentions l\u00e9gales Politique de confidentialit\u00e9 Collecte des Donn\u00e9es Personnelles Nous pouvons collecter des informations personnelles telles que votre nom, votre adresse e-mail et votre num\u00e9ro de t\u00e9l\u00e9phone lorsque vous visitez notre site web. Ces donn\u00e9es sont collect\u00e9es uniquement avec votre consentement explicite. Utilisation des Donn\u00e9es Nous utilisons les informations personnelles que [&hellip;]<\/p>\n","protected":false},"author":1,"featured_media":0,"parent":0,"menu_order":0,"comment_status":"closed","ping_status":"closed","template":"","meta":{"_monsterinsights_skip_tracking":false,"_monsterinsights_sitenote_active":false,"_monsterinsights_sitenote_note":"","_monsterinsights_sitenote_category":0,"footnotes":""},"class_list":["post-865","page","type-page","status-publish","hentry"],"_links":{"self":[{"href":"https:\/\/constancin-agency.com\/fr\/wp-json\/wp\/v2\/pages\/865","targetHints":{"allow":["GET"]}}],"collection":[{"href":"https:\/\/constancin-agency.com\/fr\/wp-json\/wp\/v2\/pages"}],"about":[{"href":"https:\/\/constancin-agency.com\/fr\/wp-json\/wp\/v2\/types\/page"}],"author":[{"embeddable":true,"href":"https:\/\/constancin-agency.com\/fr\/wp-json\/wp\/v2\/users\/1"}],"replies":[{"embeddable":true,"href":"https:\/\/constancin-agency.com\/fr\/wp-json\/wp\/v2\/comments?post=865"}],"version-history":[{"count":4,"href":"https:\/\/constancin-agency.com\/fr\/wp-json\/wp\/v2\/pages\/865\/revisions"}],"predecessor-version":[{"id":872,"href":"https:\/\/constancin-agency.com\/fr\/wp-json\/wp\/v2\/pages\/865\/revisions\/872"}],"wp:attachment":[{"href":"https:\/\/constancin-agency.com\/fr\/wp-json\/wp\/v2\/media?parent=865"}],"curies":[{"name":"wp","href":"https:\/\/api.w.org\/{rel}","templated":true}]}}