{"id":294,"date":"2024-11-28T16:38:27","date_gmt":"2024-11-28T16:38:27","guid":{"rendered":"https:\/\/constancin-agency.com\/?page_id=294"},"modified":"2024-12-03T18:54:43","modified_gmt":"2024-12-03T18:54:43","slug":"servizi","status":"publish","type":"page","link":"https:\/\/constancin-agency.com\/it\/services\/","title":{"rendered":"I nostri servizi"},"content":{"rendered":"<div data-elementor-type=\"wp-page\" data-elementor-id=\"294\" class=\"elementor elementor-294\" data-elementor-post-type=\"page\">\n\t\t\t\t<div class=\"elementor-element elementor-element-4847ef6 e-flex e-con-boxed e-con e-parent\" data-id=\"4847ef6\" data-element_type=\"container\" data-e-type=\"container\" data-settings=\"{&quot;background_background&quot;:&quot;classic&quot;}\">\n\t\t\t\t\t<div class=\"e-con-inner\">\n\t\t\t\t<div class=\"elementor-element elementor-element-68d2db2 elementor-widget elementor-widget-heading\" data-id=\"68d2db2\" data-element_type=\"widget\" data-e-type=\"widget\" data-widget_type=\"heading.default\">\n\t\t\t\t<div class=\"elementor-widget-container\">\n\t\t\t\t\t<h1 class=\"elementor-heading-title elementor-size-default\">I nostri servizi<\/h1>\t\t\t\t<\/div>\n\t\t\t\t<\/div>\n\t\t\t\t\t<\/div>\n\t\t\t\t<\/div>\n\t\t<div class=\"elementor-element elementor-element-fa97e6a e-flex e-con-boxed e-con e-parent\" data-id=\"fa97e6a\" data-element_type=\"container\" data-e-type=\"container\" data-settings=\"{&quot;background_background&quot;:&quot;classic&quot;}\">\n\t\t\t\t\t<div class=\"e-con-inner\">\n\t\t<div class=\"elementor-element elementor-element-91baba4 e-con-full e-flex e-con e-child\" data-id=\"91baba4\" data-element_type=\"container\" data-e-type=\"container\">\n\t\t\t\t<div class=\"elementor-element elementor-element-e345fdb elementor-widget elementor-widget-heading\" data-id=\"e345fdb\" data-element_type=\"widget\" data-e-type=\"widget\" data-widget_type=\"heading.default\">\n\t\t\t\t<div class=\"elementor-widget-container\">\n\t\t\t\t\t<h4 class=\"elementor-heading-title elementor-size-default\">Una partnership di eccellenza<\/h4>\t\t\t\t<\/div>\n\t\t\t\t<\/div>\n\t\t\t\t<div class=\"elementor-element elementor-element-17b4132 elementor-widget elementor-widget-heading\" data-id=\"17b4132\" data-element_type=\"widget\" data-e-type=\"widget\" data-widget_type=\"heading.default\">\n\t\t\t\t<div class=\"elementor-widget-container\">\n\t\t\t\t\t<h2 class=\"elementor-heading-title elementor-size-default\">Scoprite i nostri servizi su misura<\/h2>\t\t\t\t<\/div>\n\t\t\t\t<\/div>\n\t\t<div class=\"elementor-element elementor-element-0606d80 e-con-full e-flex e-con e-child\" data-id=\"0606d80\" data-element_type=\"container\" data-e-type=\"container\">\n\t\t\t\t<div class=\"elementor-element elementor-element-4182ad6 elementor-widget elementor-widget-text-editor\" data-id=\"4182ad6\" data-element_type=\"widget\" data-e-type=\"widget\" data-widget_type=\"text-editor.default\">\n\t\t\t\t<div class=\"elementor-widget-container\">\n\t\t\t\t\t\t\t\t\t<p>L'Agenzia Constancin \u00e8 il vostro partner di fiducia per i servizi di concierge privato di lusso. Che si tratti di un'esigenza una tantum o di un impegno di un anno, offriamo soluzioni personalizzate che si adattano perfettamente alle vostre esigenze. Esplorate la nostra ampia gamma di servizi, appositamente studiati per arricchire la vostra vita quotidiana e soddisfare efficacemente tutte le vostre aspettative.<\/p>\t\t\t\t\t\t\t\t<\/div>\n\t\t\t\t<\/div>\n\t\t\t\t<\/div>\n\t\t\t\t<div class=\"elementor-element elementor-element-d3830f9 elementor-widget elementor-widget-heading\" data-id=\"d3830f9\" data-element_type=\"widget\" data-e-type=\"widget\" data-widget_type=\"heading.default\">\n\t\t\t\t<div class=\"elementor-widget-container\">\n\t\t\t\t\t<h2 class=\"elementor-heading-title elementor-size-default\">Perch\u00e9 scegliere noi?<\/h2>\t\t\t\t<\/div>\n\t\t\t\t<\/div>\n\t\t<div class=\"elementor-element elementor-element-c01a73d e-con-full e-flex e-con e-child\" data-id=\"c01a73d\" data-element_type=\"container\" data-e-type=\"container\">\n\t\t\t\t<div class=\"elementor-element elementor-element-ce7c567 elementor-widget__width-initial elementor-widget elementor-widget-heading\" data-id=\"ce7c567\" data-element_type=\"widget\" data-e-type=\"widget\" data-widget_type=\"heading.default\">\n\t\t\t\t<div class=\"elementor-widget-container\">\n\t\t\t\t\t<h3 class=\"elementor-heading-title elementor-size-default\">Competenza esclusiva<\/h3>\t\t\t\t<\/div>\n\t\t\t\t<\/div>\n\t\t\t\t<div class=\"elementor-element elementor-element-b81be16 elementor-widget__width-initial elementor-widget-mobile__width-inherit elementor-widget elementor-widget-text-editor\" data-id=\"b81be16\" data-element_type=\"widget\" data-e-type=\"widget\" data-widget_type=\"text-editor.default\">\n\t\t\t\t<div class=\"elementor-widget-container\">\n\t\t\t\t\t\t\t\t\t<p>I nostri professionisti sono selezionati per la loro esperienza e competenza nel mondo del lusso.<\/p>\t\t\t\t\t\t\t\t<\/div>\n\t\t\t\t<\/div>\n\t\t\t\t<\/div>\n\t\t<div class=\"elementor-element elementor-element-6483716 e-con-full e-flex e-con e-child\" data-id=\"6483716\" data-element_type=\"container\" data-e-type=\"container\">\n\t\t\t\t<div class=\"elementor-element elementor-element-8018bef elementor-widget__width-initial elementor-widget elementor-widget-heading\" data-id=\"8018bef\" data-element_type=\"widget\" data-e-type=\"widget\" data-widget_type=\"heading.default\">\n\t\t\t\t<div class=\"elementor-widget-container\">\n\t\t\t\t\t<h3 class=\"elementor-heading-title elementor-size-default\">Su misura<\/h3>\t\t\t\t<\/div>\n\t\t\t\t<\/div>\n\t\t\t\t<div class=\"elementor-element elementor-element-3bd7e9b elementor-widget__width-initial elementor-widget-mobile__width-inherit elementor-widget elementor-widget-text-editor\" data-id=\"3bd7e9b\" data-element_type=\"widget\" data-e-type=\"widget\" data-widget_type=\"text-editor.default\">\n\t\t\t\t<div class=\"elementor-widget-container\">\n\t\t\t\t\t\t\t\t\t<p>Ogni servizio \u00e8 accuratamente personalizzato per soddisfare le esigenze specifiche dei nostri clienti, garantendo la completa soddisfazione.<\/p>\t\t\t\t\t\t\t\t<\/div>\n\t\t\t\t<\/div>\n\t\t\t\t<\/div>\n\t\t<div class=\"elementor-element elementor-element-90c9a2a e-con-full e-flex e-con e-child\" data-id=\"90c9a2a\" data-element_type=\"container\" data-e-type=\"container\">\n\t\t\t\t<div class=\"elementor-element elementor-element-093292c elementor-widget__width-initial elementor-widget elementor-widget-heading\" data-id=\"093292c\" data-element_type=\"widget\" data-e-type=\"widget\" data-widget_type=\"heading.default\">\n\t\t\t\t<div class=\"elementor-widget-container\">\n\t\t\t\t\t<h3 class=\"elementor-heading-title elementor-size-default\">Disponibilit\u00e0 in tutto il mondo<\/h3>\t\t\t\t<\/div>\n\t\t\t\t<\/div>\n\t\t\t\t<div class=\"elementor-element elementor-element-cbd166a elementor-widget__width-initial elementor-widget-mobile__width-inherit elementor-widget elementor-widget-text-editor\" data-id=\"cbd166a\" data-element_type=\"widget\" data-e-type=\"widget\" data-widget_type=\"text-editor.default\">\n\t\t\t\t<div class=\"elementor-widget-container\">\n\t\t\t\t\t\t\t\t\t<p>Con chef e personale disponibili in tutto il mondo, siamo pronti a servirvi ovunque siate.<\/p>\t\t\t\t\t\t\t\t<\/div>\n\t\t\t\t<\/div>\n\t\t\t\t<\/div>\n\t\t<div class=\"elementor-element elementor-element-687e468 e-con-full e-flex e-con e-child\" data-id=\"687e468\" data-element_type=\"container\" data-e-type=\"container\">\n\t\t\t\t<div class=\"elementor-element elementor-element-62a5d1d elementor-widget__width-initial elementor-widget elementor-widget-heading\" data-id=\"62a5d1d\" data-element_type=\"widget\" data-e-type=\"widget\" data-widget_type=\"heading.default\">\n\t\t\t\t<div class=\"elementor-widget-container\">\n\t\t\t\t\t<h3 class=\"elementor-heading-title elementor-size-default\">Riservatezza<\/h3>\t\t\t\t<\/div>\n\t\t\t\t<\/div>\n\t\t\t\t<div class=\"elementor-element elementor-element-b045877 elementor-widget__width-initial elementor-widget-mobile__width-inherit elementor-widget elementor-widget-text-editor\" data-id=\"b045877\" data-element_type=\"widget\" data-e-type=\"widget\" data-widget_type=\"text-editor.default\">\n\t\t\t\t<div class=\"elementor-widget-container\">\n\t\t\t\t\t\t\t\t\t<p>Manteniamo i pi\u00f9 alti standard di discrezione per proteggere la privacy dei nostri clienti.<\/p>\t\t\t\t\t\t\t\t<\/div>\n\t\t\t\t<\/div>\n\t\t\t\t<\/div>\n\t\t\t\t<\/div>\n\t\t<div class=\"elementor-element elementor-element-315646b e-con-full e-flex e-con e-child\" data-id=\"315646b\" data-element_type=\"container\" data-e-type=\"container\">\n\t\t<div class=\"elementor-element elementor-element-133a0f4 e-con-full e-flex e-con e-child\" data-id=\"133a0f4\" data-element_type=\"container\" data-e-type=\"container\">\n\t\t<div class=\"elementor-element elementor-element-b875c45 e-con-full e-flex e-con e-child\" data-id=\"b875c45\" data-element_type=\"container\" data-e-type=\"container\" data-settings=\"{&quot;background_background&quot;:&quot;classic&quot;}\">\n\t\t\t\t<\/div>\n\t\t<div class=\"elementor-element elementor-element-2a55530 e-con-full e-flex e-con e-child\" data-id=\"2a55530\" data-element_type=\"container\" data-e-type=\"container\" data-settings=\"{&quot;background_background&quot;:&quot;classic&quot;}\">\n\t\t\t\t<\/div>\n\t\t\t\t<\/div>\n\t\t\t\t<\/div>\n\t\t\t\t\t<\/div>\n\t\t\t\t<\/div>\n\t\t<div class=\"elementor-element elementor-element-da8a8b9 e-flex e-con-boxed e-con e-parent\" data-id=\"da8a8b9\" data-element_type=\"container\" data-e-type=\"container\" data-settings=\"{&quot;background_background&quot;:&quot;classic&quot;}\">\n\t\t\t\t\t<div class=\"e-con-inner\">\n\t\t\t\t<div class=\"elementor-element elementor-element-8dc1117 elementor-widget elementor-widget-heading\" data-id=\"8dc1117\" data-element_type=\"widget\" data-e-type=\"widget\" data-widget_type=\"heading.default\">\n\t\t\t\t<div class=\"elementor-widget-container\">\n\t\t\t\t\t<h2 class=\"elementor-heading-title elementor-size-default\">I nostri servizi<\/h2>\t\t\t\t<\/div>\n\t\t\t\t<\/div>\n\t\t\t\t<div class=\"elementor-element elementor-element-be0157d elementor-widget-divider--view-line elementor-widget elementor-widget-divider\" data-id=\"be0157d\" data-element_type=\"widget\" data-e-type=\"widget\" data-widget_type=\"divider.default\">\n\t\t\t\t<div class=\"elementor-widget-container\">\n\t\t\t\t\t\t\t<div class=\"elementor-divider\">\n\t\t\t<span class=\"elementor-divider-separator\">\n\t\t\t\t\t\t<\/span>\n\t\t<\/div>\n\t\t\t\t\t\t<\/div>\n\t\t\t\t<\/div>\n\t\t<div class=\"elementor-element elementor-element-9398a94 e-con-full e-flex e-con e-child\" data-id=\"9398a94\" data-element_type=\"container\" data-e-type=\"container\">\n\t\t<div class=\"elementor-element elementor-element-8f80b34 e-con-full e-flex e-con e-child\" data-id=\"8f80b34\" data-element_type=\"container\" data-e-type=\"container\">\n\t\t<div class=\"elementor-element elementor-element-ed5320e e-con-full e-flex e-con e-child\" data-id=\"ed5320e\" data-element_type=\"container\" data-e-type=\"container\">\n\t\t\t\t<div class=\"elementor-element elementor-element-dcb0658 elementor-widget elementor-widget-image\" data-id=\"dcb0658\" data-element_type=\"widget\" data-e-type=\"widget\" data-widget_type=\"image.default\">\n\t\t\t\t<div class=\"elementor-widget-container\">\n\t\t\t\t\t\t\t\t\t\t\t\t\t\t\t<img fetchpriority=\"high\" decoding=\"async\" width=\"683\" height=\"1024\" src=\"https:\/\/constancin-agency.com\/wp-content\/uploads\/2024\/11\/9462233-683x1024.jpeg\" class=\"attachment-large size-large wp-image-326\" alt=\"Donna asiatica che pulisce il mobile della cucina con un panno e un flacone spray in casa.\" srcset=\"https:\/\/constancin-agency.com\/wp-content\/uploads\/2024\/11\/9462233-683x1024.jpeg 683w, https:\/\/constancin-agency.com\/wp-content\/uploads\/2024\/11\/9462233-200x300.jpeg 200w, https:\/\/constancin-agency.com\/wp-content\/uploads\/2024\/11\/9462233-768x1152.jpeg 768w, https:\/\/constancin-agency.com\/wp-content\/uploads\/2024\/11\/9462233.jpeg 800w\" sizes=\"(max-width: 683px) 100vw, 683px\" \/>\t\t\t\t\t\t\t\t\t\t\t\t\t\t\t<\/div>\n\t\t\t\t<\/div>\n\t\t\t\t<div class=\"elementor-element elementor-element-b21c83c elementor-widget elementor-widget-heading\" data-id=\"b21c83c\" data-element_type=\"widget\" data-e-type=\"widget\" data-widget_type=\"heading.default\">\n\t\t\t\t<div class=\"elementor-widget-container\">\n\t\t\t\t\t<h3 class=\"elementor-heading-title elementor-size-default\">Servizi privati puntuali<\/h3>\t\t\t\t<\/div>\n\t\t\t\t<\/div>\n\t\t\t\t<div class=\"elementor-element elementor-element-73a6023 elementor-widget elementor-widget-text-editor\" data-id=\"73a6023\" data-element_type=\"widget\" data-e-type=\"widget\" data-widget_type=\"text-editor.default\">\n\t\t\t\t<div class=\"elementor-widget-container\">\n\t\t\t\t\t\t\t\t\t<p>I nostri servizi una tantum sono perfetti per occasioni speciali, eventi aziendali o semplicemente per un lusso quotidiano senza problemi. Approfittate della nostra esperienza per trasformare un evento ordinario in un'esperienza straordinaria.<\/p>\t\t\t\t\t\t\t\t<\/div>\n\t\t\t\t<\/div>\n\t\t\t\t<\/div>\n\t\t<div class=\"elementor-element elementor-element-4162f2e e-con-full e-flex e-con e-child\" data-id=\"4162f2e\" data-element_type=\"container\" data-e-type=\"container\">\n\t\t\t\t<div class=\"elementor-element elementor-element-46a4d3f elementor-align-center elementor-widget elementor-widget-button\" data-id=\"46a4d3f\" data-element_type=\"widget\" data-e-type=\"widget\" data-widget_type=\"button.default\">\n\t\t\t\t<div class=\"elementor-widget-container\">\n\t\t\t\t\t\t\t\t\t<div class=\"elementor-button-wrapper\">\n\t\t\t\t\t<a class=\"elementor-button elementor-button-link elementor-size-sm\" href=\"https:\/\/constancin-agency.com\/it\/servizi\/privato-una-tantum\/\">\n\t\t\t\t\t\t<span class=\"elementor-button-content-wrapper\">\n\t\t\t\t\t\t\t\t\t<span class=\"elementor-button-text\">Scoprire<\/span>\n\t\t\t\t\t<\/span>\n\t\t\t\t\t<\/a>\n\t\t\t\t<\/div>\n\t\t\t\t\t\t\t\t<\/div>\n\t\t\t\t<\/div>\n\t\t\t\t<\/div>\n\t\t\t\t<\/div>\n\t\t<div class=\"elementor-element elementor-element-91b440a e-con-full e-flex e-con e-child\" data-id=\"91b440a\" data-element_type=\"container\" data-e-type=\"container\">\n\t\t<div class=\"elementor-element elementor-element-bc5e56a e-con-full e-flex e-con e-child\" data-id=\"bc5e56a\" data-element_type=\"container\" data-e-type=\"container\">\n\t\t\t\t<div class=\"elementor-element elementor-element-9135a4e elementor-widget elementor-widget-image\" data-id=\"9135a4e\" data-element_type=\"widget\" data-e-type=\"widget\" data-widget_type=\"image.default\">\n\t\t\t\t<div class=\"elementor-widget-container\">\n\t\t\t\t\t\t\t\t\t\t\t\t\t\t\t<img decoding=\"async\" width=\"768\" height=\"1024\" src=\"https:\/\/constancin-agency.com\/wp-content\/uploads\/2024\/11\/29548511-768x1024.jpeg\" class=\"attachment-large size-large wp-image-313\" alt=\"Una donna tiene in mano un bicchiere da Martini in mezzo a un allestimento festivo con confezione regalo.\" srcset=\"https:\/\/constancin-agency.com\/wp-content\/uploads\/2024\/11\/29548511-768x1024.jpeg 768w, https:\/\/constancin-agency.com\/wp-content\/uploads\/2024\/11\/29548511-225x300.jpeg 225w, https:\/\/constancin-agency.com\/wp-content\/uploads\/2024\/11\/29548511.jpeg 900w\" sizes=\"(max-width: 768px) 100vw, 768px\" \/>\t\t\t\t\t\t\t\t\t\t\t\t\t\t\t<\/div>\n\t\t\t\t<\/div>\n\t\t\t\t<div class=\"elementor-element elementor-element-664c2ec elementor-widget elementor-widget-heading\" data-id=\"664c2ec\" data-element_type=\"widget\" data-e-type=\"widget\" data-widget_type=\"heading.default\">\n\t\t\t\t<div class=\"elementor-widget-container\">\n\t\t\t\t\t<h3 class=\"elementor-heading-title elementor-size-default\">Impegno privato per tutto l'anno<\/h3>\t\t\t\t<\/div>\n\t\t\t\t<\/div>\n\t\t\t\t<div class=\"elementor-element elementor-element-d433ca4 elementor-widget elementor-widget-text-editor\" data-id=\"d433ca4\" data-element_type=\"widget\" data-e-type=\"widget\" data-widget_type=\"text-editor.default\">\n\t\t\t\t<div class=\"elementor-widget-container\">\n\t\t\t\t\t\t\t\t\t<p>Scegliete il comfort quotidiano con il nostro impegno privato per tutto l'anno. Questo servizio comprende tutto, dalla gestione della residenza all'organizzazione di eventi, oltre a servizi personalizzati che rendono ogni giorno eccezionale.<\/p>\t\t\t\t\t\t\t\t<\/div>\n\t\t\t\t<\/div>\n\t\t\t\t<\/div>\n\t\t<div class=\"elementor-element elementor-element-b9f70dd e-con-full e-flex e-con e-child\" data-id=\"b9f70dd\" data-element_type=\"container\" data-e-type=\"container\">\n\t\t\t\t<div class=\"elementor-element elementor-element-1fade47 elementor-align-center elementor-widget elementor-widget-button\" data-id=\"1fade47\" data-element_type=\"widget\" data-e-type=\"widget\" data-widget_type=\"button.default\">\n\t\t\t\t<div class=\"elementor-widget-container\">\n\t\t\t\t\t\t\t\t\t<div class=\"elementor-button-wrapper\">\n\t\t\t\t\t<a class=\"elementor-button elementor-button-link elementor-size-sm\" href=\"https:\/\/constancin-agency.com\/it\/servizi\/impegno-per-lanno\/\">\n\t\t\t\t\t\t<span class=\"elementor-button-content-wrapper\">\n\t\t\t\t\t\t\t\t\t<span class=\"elementor-button-text\">Scoprire<\/span>\n\t\t\t\t\t<\/span>\n\t\t\t\t\t<\/a>\n\t\t\t\t<\/div>\n\t\t\t\t\t\t\t\t<\/div>\n\t\t\t\t<\/div>\n\t\t\t\t<\/div>\n\t\t\t\t<\/div>\n\t\t<div class=\"elementor-element elementor-element-70f6d35 e-con-full e-flex e-con e-child\" data-id=\"70f6d35\" data-element_type=\"container\" data-e-type=\"container\">\n\t\t<div class=\"elementor-element elementor-element-eb1c32f e-con-full e-flex e-con e-child\" data-id=\"eb1c32f\" data-element_type=\"container\" data-e-type=\"container\">\n\t\t\t\t<div class=\"elementor-element elementor-element-d89d844 elementor-widget elementor-widget-image\" data-id=\"d89d844\" data-element_type=\"widget\" data-e-type=\"widget\" data-widget_type=\"image.default\">\n\t\t\t\t<div class=\"elementor-widget-container\">\n\t\t\t\t\t\t\t\t\t\t\t\t\t\t\t<img decoding=\"async\" width=\"679\" height=\"1024\" src=\"https:\/\/constancin-agency.com\/wp-content\/uploads\/2024\/11\/9986235-679x1024.jpeg\" class=\"attachment-large size-large wp-image-311\" alt=\"Adulto che prepara un&#039;insalata con verdure fresche, coltello e olio d&#039;oliva in cucina.\" srcset=\"https:\/\/constancin-agency.com\/wp-content\/uploads\/2024\/11\/9986235-679x1024.jpeg 679w, https:\/\/constancin-agency.com\/wp-content\/uploads\/2024\/11\/9986235-199x300.jpeg 199w, https:\/\/constancin-agency.com\/wp-content\/uploads\/2024\/11\/9986235-768x1158.jpeg 768w, https:\/\/constancin-agency.com\/wp-content\/uploads\/2024\/11\/9986235.jpeg 796w\" sizes=\"(max-width: 679px) 100vw, 679px\" \/>\t\t\t\t\t\t\t\t\t\t\t\t\t\t\t<\/div>\n\t\t\t\t<\/div>\n\t\t\t\t<div class=\"elementor-element elementor-element-a4fb5e1 elementor-widget elementor-widget-heading\" data-id=\"a4fb5e1\" data-element_type=\"widget\" data-e-type=\"widget\" data-widget_type=\"heading.default\">\n\t\t\t\t<div class=\"elementor-widget-container\">\n\t\t\t\t\t<h3 class=\"elementor-heading-title elementor-size-default\">Chef privati per atleti<\/h3>\t\t\t\t<\/div>\n\t\t\t\t<\/div>\n\t\t\t\t<div class=\"elementor-element elementor-element-978ca3d elementor-widget elementor-widget-text-editor\" data-id=\"978ca3d\" data-element_type=\"widget\" data-e-type=\"widget\" data-widget_type=\"text-editor.default\">\n\t\t\t\t<div class=\"elementor-widget-container\">\n\t\t\t\t\t\t\t\t\t<p>I nostri chef specializzati in nutrizione sportiva progettano diete che migliorano le prestazioni e la salute degli atleti. Ogni menu \u00e8 studiato per supportare gli obiettivi e gli allenamenti degli atleti di alto livello, con ingredienti scelti per la loro qualit\u00e0 e freschezza.<\/p>\t\t\t\t\t\t\t\t<\/div>\n\t\t\t\t<\/div>\n\t\t\t\t<\/div>\n\t\t<div class=\"elementor-element elementor-element-84c02c2 e-con-full e-flex e-con e-child\" data-id=\"84c02c2\" data-element_type=\"container\" data-e-type=\"container\">\n\t\t\t\t<div class=\"elementor-element elementor-element-f7cb114 elementor-align-center elementor-widget elementor-widget-button\" data-id=\"f7cb114\" data-element_type=\"widget\" data-e-type=\"widget\" data-widget_type=\"button.default\">\n\t\t\t\t<div class=\"elementor-widget-container\">\n\t\t\t\t\t\t\t\t\t<div class=\"elementor-button-wrapper\">\n\t\t\t\t\t<a class=\"elementor-button elementor-button-link elementor-size-sm\" href=\"https:\/\/constancin-agency.com\/it\/servizi\/chef-privato-per-atleti\/\">\n\t\t\t\t\t\t<span class=\"elementor-button-content-wrapper\">\n\t\t\t\t\t\t\t\t\t<span class=\"elementor-button-text\">Scoprire<\/span>\n\t\t\t\t\t<\/span>\n\t\t\t\t\t<\/a>\n\t\t\t\t<\/div>\n\t\t\t\t\t\t\t\t<\/div>\n\t\t\t\t<\/div>\n\t\t\t\t<\/div>\n\t\t\t\t<\/div>\n\t\t\t\t<\/div>\n\t\t\t\t\t<\/div>\n\t\t\t\t<\/div>\n\t\t<div class=\"elementor-element elementor-element-a71c352 e-flex e-con-boxed e-con e-parent\" data-id=\"a71c352\" data-element_type=\"container\" data-e-type=\"container\" data-settings=\"{&quot;background_background&quot;:&quot;classic&quot;}\">\n\t\t\t\t\t<div class=\"e-con-inner\">\n\t\t\t\t<div class=\"elementor-element elementor-element-745563e elementor-widget elementor-widget-spacer\" data-id=\"745563e\" data-element_type=\"widget\" data-e-type=\"widget\" data-widget_type=\"spacer.default\">\n\t\t\t\t<div class=\"elementor-widget-container\">\n\t\t\t\t\t\t\t<div class=\"elementor-spacer\">\n\t\t\t<div class=\"elementor-spacer-inner\"><\/div>\n\t\t<\/div>\n\t\t\t\t\t\t<\/div>\n\t\t\t\t<\/div>\n\t\t\t\t\t<\/div>\n\t\t\t\t<\/div>\n\t\t<div class=\"elementor-element elementor-element-00f9b57 e-flex e-con-boxed e-con e-parent\" data-id=\"00f9b57\" data-element_type=\"container\" data-e-type=\"container\" data-settings=\"{&quot;background_background&quot;:&quot;classic&quot;}\">\n\t\t\t\t\t<div class=\"e-con-inner\">\n\t\t\t\t<div class=\"elementor-element elementor-element-db3dc40 elementor-widget elementor-widget-heading\" data-id=\"db3dc40\" data-element_type=\"widget\" data-e-type=\"widget\" data-widget_type=\"heading.default\">\n\t\t\t\t<div class=\"elementor-widget-container\">\n\t\t\t\t\t<div class=\"elementor-heading-title elementor-size-default\">\"La qualit\u00e0 non \u00e8 mai un caso, \u00e8 sempre il risultato di uno sforzo intelligente.<\/div>\t\t\t\t<\/div>\n\t\t\t\t<\/div>\n\t\t\t\t\t<\/div>\n\t\t\t\t<\/div>\n\t\t\t\t<\/div>","protected":false},"excerpt":{"rendered":"<p>Nos services Un partenariat d&rsquo;excellence D\u00e9couvrez nos services sur-mesure Constancin Agency est votre partenaire de confiance pour des services de conciergerie priv\u00e9e de luxe. Que ce soit pour un besoin ponctuel ou un engagement \u00e0 l&rsquo;ann\u00e9e, nous proposons des solutions personnalis\u00e9es qui s&rsquo;adaptent parfaitement \u00e0 vos exigences. Explorez nos services diversifi\u00e9s, con\u00e7us sp\u00e9cialement pour enrichir [&hellip;]<\/p>\n","protected":false},"author":1,"featured_media":0,"parent":0,"menu_order":0,"comment_status":"closed","ping_status":"closed","template":"elementor_header_footer","meta":{"_monsterinsights_skip_tracking":false,"_monsterinsights_sitenote_active":false,"_monsterinsights_sitenote_note":"","_monsterinsights_sitenote_category":0,"footnotes":""},"class_list":["post-294","page","type-page","status-publish","hentry"],"_links":{"self":[{"href":"https:\/\/constancin-agency.com\/it\/wp-json\/wp\/v2\/pages\/294","targetHints":{"allow":["GET"]}}],"collection":[{"href":"https:\/\/constancin-agency.com\/it\/wp-json\/wp\/v2\/pages"}],"about":[{"href":"https:\/\/constancin-agency.com\/it\/wp-json\/wp\/v2\/types\/page"}],"author":[{"embeddable":true,"href":"https:\/\/constancin-agency.com\/it\/wp-json\/wp\/v2\/users\/1"}],"replies":[{"embeddable":true,"href":"https:\/\/constancin-agency.com\/it\/wp-json\/wp\/v2\/comments?post=294"}],"version-history":[{"count":46,"href":"https:\/\/constancin-agency.com\/it\/wp-json\/wp\/v2\/pages\/294\/revisions"}],"predecessor-version":[{"id":903,"href":"https:\/\/constancin-agency.com\/it\/wp-json\/wp\/v2\/pages\/294\/revisions\/903"}],"wp:attachment":[{"href":"https:\/\/constancin-agency.com\/it\/wp-json\/wp\/v2\/media?parent=294"}],"curies":[{"name":"wp","href":"https:\/\/api.w.org\/{rel}","templated":true}]}}