{"id":524,"date":"2024-12-01T18:28:56","date_gmt":"2024-12-01T18:28:56","guid":{"rendered":"https:\/\/constancin-agency.com\/?page_id=524"},"modified":"2025-03-12T18:00:33","modified_gmt":"2025-03-12T18:00:33","slug":"la-nostra-storia","status":"publish","type":"page","link":"https:\/\/constancin-agency.com\/it\/notre-histoire\/","title":{"rendered":"La nostra storia"},"content":{"rendered":"<div data-elementor-type=\"wp-page\" data-elementor-id=\"524\" class=\"elementor elementor-524\" data-elementor-post-type=\"page\">\n\t\t\t\t<div class=\"elementor-element elementor-element-3890f51 e-flex e-con-boxed e-con e-parent\" data-id=\"3890f51\" data-element_type=\"container\" data-e-type=\"container\" data-settings=\"{&quot;background_background&quot;:&quot;classic&quot;}\">\n\t\t\t\t\t<div class=\"e-con-inner\">\n\t\t\t\t<div class=\"elementor-element elementor-element-1797545 elementor-widget elementor-widget-heading\" data-id=\"1797545\" data-element_type=\"widget\" data-e-type=\"widget\" data-widget_type=\"heading.default\">\n\t\t\t\t<div class=\"elementor-widget-container\">\n\t\t\t\t\t<h1 class=\"elementor-heading-title elementor-size-default\">Le nostre storie<\/h1>\t\t\t\t<\/div>\n\t\t\t\t<\/div>\n\t\t\t\t\t<\/div>\n\t\t\t\t<\/div>\n\t\t<div class=\"elementor-element elementor-element-fa97e6a e-flex e-con-boxed e-con e-parent\" data-id=\"fa97e6a\" data-element_type=\"container\" data-e-type=\"container\" data-settings=\"{&quot;background_background&quot;:&quot;classic&quot;}\">\n\t\t\t\t\t<div class=\"e-con-inner\">\n\t\t<div class=\"elementor-element elementor-element-91baba4 e-con-full e-flex e-con e-child\" data-id=\"91baba4\" data-element_type=\"container\" data-e-type=\"container\">\n\t\t\t\t<div class=\"elementor-element elementor-element-e345fdb elementor-widget elementor-widget-heading\" data-id=\"e345fdb\" data-element_type=\"widget\" data-e-type=\"widget\" data-widget_type=\"heading.default\">\n\t\t\t\t<div class=\"elementor-widget-container\">\n\t\t\t\t\t<h4 class=\"elementor-heading-title elementor-size-default\">Lavoro di squadra<\/h4>\t\t\t\t<\/div>\n\t\t\t\t<\/div>\n\t\t\t\t<div class=\"elementor-element elementor-element-17b4132 elementor-widget elementor-widget-heading\" data-id=\"17b4132\" data-element_type=\"widget\" data-e-type=\"widget\" data-widget_type=\"heading.default\">\n\t\t\t\t<div class=\"elementor-widget-container\">\n\t\t\t\t\t<h2 class=\"elementor-heading-title elementor-size-default\">Una passione condivisa<\/h2>\t\t\t\t<\/div>\n\t\t\t\t<\/div>\n\t\t<div class=\"elementor-element elementor-element-0606d80 e-con-full e-flex e-con e-child\" data-id=\"0606d80\" data-element_type=\"container\" data-e-type=\"container\">\n\t\t\t\t<div class=\"elementor-element elementor-element-4182ad6 elementor-widget elementor-widget-text-editor\" data-id=\"4182ad6\" data-element_type=\"widget\" data-e-type=\"widget\" data-widget_type=\"text-editor.default\">\n\t\t\t\t<div class=\"elementor-widget-container\">\n\t\t\t\t\t\t\t\t\t<p>L'Agenzia Constancin \u00e8 stata co-fondata da Colin Bodin e Mouhamed Mbengue, due personalit\u00e0 di spicco del mondo dell'alta gastronomia e dei servizi di lusso. Colin e Mouhamed hanno forgiato la loro reputazione in prestigiose strutture stellate Michelin, dove hanno acquisito una profonda conoscenza delle esigenze e della finezza necessarie per eccellere in ambienti di lusso.<\/p><p>La loro visione comune di unire l'eccellenza con un team di talenti eccezionali incontrati nel corso della loro carriera li ha portati a lanciare Constancin Agency. Questa societ\u00e0 \u00e8 il risultato del loro desiderio di creare una sinergia tra competenze gastronomiche di alto livello e un servizio impareggiabile, rivolto a una clientela d'\u00e9lite.<\/p>\t\t\t\t\t\t\t\t<\/div>\n\t\t\t\t<\/div>\n\t\t\t\t<\/div>\n\t\t<div class=\"elementor-element elementor-element-c01a73d e-con-full e-flex e-con e-child\" data-id=\"c01a73d\" data-element_type=\"container\" data-e-type=\"container\">\n\t\t\t\t<div class=\"elementor-element elementor-element-ce7c567 elementor-widget__width-initial elementor-widget elementor-widget-heading\" data-id=\"ce7c567\" data-element_type=\"widget\" data-e-type=\"widget\" data-widget_type=\"heading.default\">\n\t\t\t\t<div class=\"elementor-widget-container\">\n\t\t\t\t\t<h3 class=\"elementor-heading-title elementor-size-default\">Passione<\/h3>\t\t\t\t<\/div>\n\t\t\t\t<\/div>\n\t\t\t\t<div class=\"elementor-element elementor-element-b81be16 elementor-widget__width-initial elementor-widget elementor-widget-text-editor\" data-id=\"b81be16\" data-element_type=\"widget\" data-e-type=\"widget\" data-widget_type=\"text-editor.default\">\n\t\t\t\t<div class=\"elementor-widget-container\">\n\t\t\t\t\t\t\t\t\t<p><span class=\"OYPEnA font-feature-liga-off font-feature-clig-off font-feature-calt-off text-decoration-none text-strikethrough-none\">All'Agenzia Constancin, la nostra passione per l'eccellenza \u00e8 rafforzata dal privilegio di servire una clientela eccezionale. Il nostro personale \u00e8 costantemente motivato a eccellere, trasformando ogni servizio in una scoperta emozionante.<\/span><\/p>\t\t\t\t\t\t\t\t<\/div>\n\t\t\t\t<\/div>\n\t\t\t\t<\/div>\n\t\t<div class=\"elementor-element elementor-element-d25b0ae e-con-full e-flex e-con e-child\" data-id=\"d25b0ae\" data-element_type=\"container\" data-e-type=\"container\">\n\t\t\t\t<div class=\"elementor-element elementor-element-c3a2ce4 elementor-widget__width-initial elementor-widget elementor-widget-heading\" data-id=\"c3a2ce4\" data-element_type=\"widget\" data-e-type=\"widget\" data-widget_type=\"heading.default\">\n\t\t\t\t<div class=\"elementor-widget-container\">\n\t\t\t\t\t<h3 class=\"elementor-heading-title elementor-size-default\">Integrit\u00e0 <\/h3>\t\t\t\t<\/div>\n\t\t\t\t<\/div>\n\t\t\t\t<div class=\"elementor-element elementor-element-fe7e33d elementor-widget__width-initial elementor-widget elementor-widget-text-editor\" data-id=\"fe7e33d\" data-element_type=\"widget\" data-e-type=\"widget\" data-widget_type=\"text-editor.default\">\n\t\t\t\t<div class=\"elementor-widget-container\">\n\t\t\t\t\t\t\t\t\t<p>Ogni membro del nostro team agisce con integrit\u00e0 e onest\u00e0, valori che ci permettono di costruire rapporti di fiducia duraturi con i nostri clienti e partner.<\/p>\t\t\t\t\t\t\t\t<\/div>\n\t\t\t\t<\/div>\n\t\t\t\t<\/div>\n\t\t<div class=\"elementor-element elementor-element-6483716 e-con-full e-flex e-con e-child\" data-id=\"6483716\" data-element_type=\"container\" data-e-type=\"container\">\n\t\t\t\t<div class=\"elementor-element elementor-element-8018bef elementor-widget__width-initial elementor-widget elementor-widget-heading\" data-id=\"8018bef\" data-element_type=\"widget\" data-e-type=\"widget\" data-widget_type=\"heading.default\">\n\t\t\t\t<div class=\"elementor-widget-container\">\n\t\t\t\t\t<h3 class=\"elementor-heading-title elementor-size-default\">Qualit\u00e0<\/h3>\t\t\t\t<\/div>\n\t\t\t\t<\/div>\n\t\t\t\t<div class=\"elementor-element elementor-element-3bd7e9b elementor-widget__width-initial elementor-widget elementor-widget-text-editor\" data-id=\"3bd7e9b\" data-element_type=\"widget\" data-e-type=\"widget\" data-widget_type=\"text-editor.default\">\n\t\t\t\t<div class=\"elementor-widget-container\">\n\t\t\t\t\t\t\t\t\t<p><span class=\"OYPEnA font-feature-liga-off font-feature-clig-off font-feature-calt-off text-decoration-none text-strikethrough-none\">La qualit\u00e0 \u00e8 il pilastro dell'Agenzia Constancin. Dalla selezione degli ingredienti alla presentazione dei piatti, ci impegniamo a mantenere standard di eccellenza senza compromessi per soddisfare i clienti pi\u00f9 esigenti.<\/span><\/p>\t\t\t\t\t\t\t\t<\/div>\n\t\t\t\t<\/div>\n\t\t\t\t<\/div>\n\t\t<div class=\"elementor-element elementor-element-90c9a2a e-con-full e-flex e-con e-child\" data-id=\"90c9a2a\" data-element_type=\"container\" data-e-type=\"container\">\n\t\t\t\t<div class=\"elementor-element elementor-element-093292c elementor-widget__width-initial elementor-widget elementor-widget-heading\" data-id=\"093292c\" data-element_type=\"widget\" data-e-type=\"widget\" data-widget_type=\"heading.default\">\n\t\t\t\t<div class=\"elementor-widget-container\">\n\t\t\t\t\t<h3 class=\"elementor-heading-title elementor-size-default\">Discrezione<\/h3>\t\t\t\t<\/div>\n\t\t\t\t<\/div>\n\t\t\t\t<div class=\"elementor-element elementor-element-cbd166a elementor-widget__width-initial elementor-widget elementor-widget-text-editor\" data-id=\"cbd166a\" data-element_type=\"widget\" data-e-type=\"widget\" data-widget_type=\"text-editor.default\">\n\t\t\t\t<div class=\"elementor-widget-container\">\n\t\t\t\t\t\t\t\t\t<p><span class=\"OYPEnA font-feature-liga-off font-feature-clig-off font-feature-calt-off text-decoration-none text-strikethrough-none\">La riservatezza dei nostri clienti \u00e8 per noi di fondamentale importanza. I nostri professionisti sono rigorosamente formati per garantire la discrezione e il rispetto della privacy dei nostri clienti.<\/span><\/p>\t\t\t\t\t\t\t\t<\/div>\n\t\t\t\t<\/div>\n\t\t\t\t<\/div>\n\t\t<div class=\"elementor-element elementor-element-21960e8 e-con-full e-flex e-con e-child\" data-id=\"21960e8\" data-element_type=\"container\" data-e-type=\"container\">\n\t\t\t\t<\/div>\n\t\t\t\t<\/div>\n\t\t<div class=\"elementor-element elementor-element-315646b e-con-full e-flex e-con e-child\" data-id=\"315646b\" data-element_type=\"container\" data-e-type=\"container\">\n\t\t<div class=\"elementor-element elementor-element-133a0f4 e-con-full e-flex e-con e-child\" data-id=\"133a0f4\" data-element_type=\"container\" data-e-type=\"container\">\n\t\t<div class=\"elementor-element elementor-element-b875c45 e-con-full e-flex e-con e-child\" data-id=\"b875c45\" data-element_type=\"container\" data-e-type=\"container\" data-settings=\"{&quot;background_background&quot;:&quot;classic&quot;}\">\n\t\t\t\t<\/div>\n\t\t<div class=\"elementor-element elementor-element-6c6eea1 e-con-full e-flex e-con e-child\" data-id=\"6c6eea1\" data-element_type=\"container\" data-e-type=\"container\" data-settings=\"{&quot;background_background&quot;:&quot;classic&quot;}\">\n\t\t\t\t<\/div>\n\t\t\t\t<\/div>\n\t\t\t\t<\/div>\n\t\t\t\t\t<\/div>\n\t\t\t\t<\/div>\n\t\t<div class=\"elementor-element elementor-element-d84942e e-flex e-con-boxed e-con e-parent\" data-id=\"d84942e\" data-element_type=\"container\" data-e-type=\"container\" data-settings=\"{&quot;background_background&quot;:&quot;classic&quot;}\">\n\t\t\t\t\t<div class=\"e-con-inner\">\n\t\t\t\t<div class=\"elementor-element elementor-element-fed1e58 elementor-widget elementor-widget-heading\" data-id=\"fed1e58\" data-element_type=\"widget\" data-e-type=\"widget\" data-widget_type=\"heading.default\">\n\t\t\t\t<div class=\"elementor-widget-container\">\n\t\t\t\t\t<h2 class=\"elementor-heading-title elementor-size-default\">\u00c8 nei dettagli che si nasconde il vero lusso.<\/h2>\t\t\t\t<\/div>\n\t\t\t\t<\/div>\n\t\t\t\t\t<\/div>\n\t\t\t\t<\/div>\n\t\t<div class=\"elementor-element elementor-element-da8a8b9 e-flex e-con-boxed e-con e-parent\" data-id=\"da8a8b9\" data-element_type=\"container\" data-e-type=\"container\" data-settings=\"{&quot;background_background&quot;:&quot;classic&quot;}\">\n\t\t\t\t\t<div class=\"e-con-inner\">\n\t\t<div class=\"elementor-element elementor-element-9398a94 e-con-full e-flex e-con e-child\" data-id=\"9398a94\" data-element_type=\"container\" data-e-type=\"container\">\n\t\t<div class=\"elementor-element elementor-element-8f80b34 e-con-full e-flex e-con e-child\" data-id=\"8f80b34\" data-element_type=\"container\" data-e-type=\"container\">\n\t\t<div class=\"elementor-element elementor-element-ed5320e e-con-full e-flex e-con e-child\" data-id=\"ed5320e\" data-element_type=\"container\" data-e-type=\"container\">\n\t\t\t\t<div class=\"elementor-element elementor-element-dcb0658 elementor-widget elementor-widget-image\" data-id=\"dcb0658\" data-element_type=\"widget\" data-e-type=\"widget\" data-widget_type=\"image.default\">\n\t\t\t\t<div class=\"elementor-widget-container\">\n\t\t\t\t\t\t\t\t\t\t\t\t\t\t\t<img fetchpriority=\"high\" decoding=\"async\" width=\"683\" height=\"1024\" src=\"https:\/\/constancin-agency.com\/wp-content\/uploads\/2024\/12\/f2j0fba4ujg-683x1024.jpg\" class=\"attachment-large size-large wp-image-552\" alt=\"pagina di libro bianca accanto a una bottiglia di vetro trasparente\" srcset=\"https:\/\/constancin-agency.com\/wp-content\/uploads\/2024\/12\/f2j0fba4ujg-683x1024.jpg 683w, https:\/\/constancin-agency.com\/wp-content\/uploads\/2024\/12\/f2j0fba4ujg-200x300.jpg 200w, https:\/\/constancin-agency.com\/wp-content\/uploads\/2024\/12\/f2j0fba4ujg-768x1152.jpg 768w, https:\/\/constancin-agency.com\/wp-content\/uploads\/2024\/12\/f2j0fba4ujg.jpg 800w\" sizes=\"(max-width: 683px) 100vw, 683px\" \/>\t\t\t\t\t\t\t\t\t\t\t\t\t\t\t<\/div>\n\t\t\t\t<\/div>\n\t\t\t\t<\/div>\n\t\t\t\t<\/div>\n\t\t<div class=\"elementor-element elementor-element-70f6d35 e-con-full e-flex e-con e-child\" data-id=\"70f6d35\" data-element_type=\"container\" data-e-type=\"container\">\n\t\t<div class=\"elementor-element elementor-element-eb1c32f e-con-full e-flex e-con e-child\" data-id=\"eb1c32f\" data-element_type=\"container\" data-e-type=\"container\">\n\t\t\t\t<div class=\"elementor-element elementor-element-8dc1117 elementor-widget elementor-widget-heading\" data-id=\"8dc1117\" data-element_type=\"widget\" data-e-type=\"widget\" data-widget_type=\"heading.default\">\n\t\t\t\t<div class=\"elementor-widget-container\">\n\t\t\t\t\t<h2 class=\"elementor-heading-title elementor-size-default\">I nostri valori<\/h2>\t\t\t\t<\/div>\n\t\t\t\t<\/div>\n\t\t\t\t<div class=\"elementor-element elementor-element-be0157d elementor-widget-divider--view-line elementor-widget elementor-widget-divider\" data-id=\"be0157d\" data-element_type=\"widget\" data-e-type=\"widget\" data-widget_type=\"divider.default\">\n\t\t\t\t<div class=\"elementor-widget-container\">\n\t\t\t\t\t\t\t<div class=\"elementor-divider\">\n\t\t\t<span class=\"elementor-divider-separator\">\n\t\t\t\t\t\t<\/span>\n\t\t<\/div>\n\t\t\t\t\t\t<\/div>\n\t\t\t\t<\/div>\n\t\t\t\t<div class=\"elementor-element elementor-element-978ca3d elementor-widget elementor-widget-text-editor\" data-id=\"978ca3d\" data-element_type=\"widget\" data-e-type=\"widget\" data-widget_type=\"text-editor.default\">\n\t\t\t\t<div class=\"elementor-widget-container\">\n\t\t\t\t\t\t\t\t\t<p>All'Agenzia Constancin ci concentriamo sull'eccellenza e sull'autenticit\u00e0 dei nostri prodotti. Grazie alla nostra rete di produttori eccezionali, selezioniamo ingredienti di prima qualit\u00e0 e vini eccezionali. Questo approccio ci permette di garantire non solo la freschezza ma anche l'esclusivit\u00e0 dei prodotti utilizzati dai nostri chef e maggiordomi.\u00a0<\/p><p>Ci impegniamo inoltre a fornire opportunit\u00e0 ai talenti emergenti del settore, offrendo programmi di formazione e tutoraggio per prepararli a eccellere nel loro campo. Questa iniziativa ci permette di coltivare la prossima generazione di professionisti e di apportare nuove energie e idee al nostro team.<\/p><p>La nostra promessa \u00e8 quella di offrire un servizio di qualit\u00e0 superiore. Garantiamo un'attenzione meticolosa ai dettagli e alla personalizzazione di ogni evento, assicurando un'esperienza eccezionale per ogni cliente.<\/p>\t\t\t\t\t\t\t\t<\/div>\n\t\t\t\t<\/div>\n\t\t\t\t<\/div>\n\t\t\t\t<\/div>\n\t\t\t\t<\/div>\n\t\t\t\t\t<\/div>\n\t\t\t\t<\/div>\n\t\t<div class=\"elementor-element elementor-element-f4eace4 e-flex e-con-boxed e-con e-parent\" data-id=\"f4eace4\" data-element_type=\"container\" data-e-type=\"container\" data-settings=\"{&quot;background_background&quot;:&quot;classic&quot;}\">\n\t\t\t\t\t<div class=\"e-con-inner\">\n\t\t\t\t<div class=\"elementor-element elementor-element-1db8b34 elementor-widget elementor-widget-heading\" data-id=\"1db8b34\" data-element_type=\"widget\" data-e-type=\"widget\" data-widget_type=\"heading.default\">\n\t\t\t\t<div class=\"elementor-widget-container\">\n\t\t\t\t\t<h4 class=\"elementor-heading-title elementor-size-default\">Un dettaglio che non \u00e8 un dettaglio<\/h4>\t\t\t\t<\/div>\n\t\t\t\t<\/div>\n\t\t\t\t<div class=\"elementor-element elementor-element-5b689b6 elementor-widget elementor-widget-heading\" data-id=\"5b689b6\" data-element_type=\"widget\" data-e-type=\"widget\" data-widget_type=\"heading.default\">\n\t\t\t\t<div class=\"elementor-widget-container\">\n\t\t\t\t\t<h2 class=\"elementor-heading-title elementor-size-default\">Contattateci<\/h2>\t\t\t\t<\/div>\n\t\t\t\t<\/div>\n\t\t\t\t<div class=\"elementor-element elementor-element-cce7011 elementor-widget elementor-widget-text-editor\" data-id=\"cce7011\" data-element_type=\"widget\" data-e-type=\"widget\" data-widget_type=\"text-editor.default\">\n\t\t\t\t<div class=\"elementor-widget-container\">\n\t\t\t\t\t\t\t\t\t<p>Per maggiori informazioni sui nostri servizi e per ottenere un preventivo personalizzato<\/p>\t\t\t\t\t\t\t\t<\/div>\n\t\t\t\t<\/div>\n\t\t\t\t<div class=\"elementor-element elementor-element-f71136d elementor-align-center elementor-widget elementor-widget-button\" data-id=\"f71136d\" data-element_type=\"widget\" data-e-type=\"widget\" data-widget_type=\"button.default\">\n\t\t\t\t<div class=\"elementor-widget-container\">\n\t\t\t\t\t\t\t\t\t<div class=\"elementor-button-wrapper\">\n\t\t\t\t\t<a class=\"elementor-button elementor-button-link elementor-size-sm\" href=\"https:\/\/constancin-agency.com\/it\/contatto\/\">\n\t\t\t\t\t\t<span class=\"elementor-button-content-wrapper\">\n\t\t\t\t\t\t\t\t\t<span class=\"elementor-button-text\">Contattateci<\/span>\n\t\t\t\t\t<\/span>\n\t\t\t\t\t<\/a>\n\t\t\t\t<\/div>\n\t\t\t\t\t\t\t\t<\/div>\n\t\t\t\t<\/div>\n\t\t\t\t\t<\/div>\n\t\t\t\t<\/div>\n\t\t\t\t<\/div>","protected":false},"excerpt":{"rendered":"<p>Notre histoires Un travail d&rsquo;\u00e9quipe Une Passion Commune Constancin Agency a \u00e9t\u00e9 co-fond\u00e9e par Colin Bodin et Mouhamed Mbengue, deux personnalit\u00e9s remarquables du monde de la haute gastronomie et du service de luxe. Colin et Mouhamed ont chacun forg\u00e9 leur r\u00e9putation au sein de prestigieuses maisons \u00e9toil\u00e9es, o\u00f9 ils ont acquis une profonde compr\u00e9hension de [&hellip;]<\/p>\n","protected":false},"author":1,"featured_media":0,"parent":0,"menu_order":0,"comment_status":"closed","ping_status":"closed","template":"elementor_header_footer","meta":{"_monsterinsights_skip_tracking":false,"_monsterinsights_sitenote_active":false,"_monsterinsights_sitenote_note":"","_monsterinsights_sitenote_category":0,"footnotes":""},"class_list":["post-524","page","type-page","status-publish","hentry"],"_links":{"self":[{"href":"https:\/\/constancin-agency.com\/it\/wp-json\/wp\/v2\/pages\/524","targetHints":{"allow":["GET"]}}],"collection":[{"href":"https:\/\/constancin-agency.com\/it\/wp-json\/wp\/v2\/pages"}],"about":[{"href":"https:\/\/constancin-agency.com\/it\/wp-json\/wp\/v2\/types\/page"}],"author":[{"embeddable":true,"href":"https:\/\/constancin-agency.com\/it\/wp-json\/wp\/v2\/users\/1"}],"replies":[{"embeddable":true,"href":"https:\/\/constancin-agency.com\/it\/wp-json\/wp\/v2\/comments?post=524"}],"version-history":[{"count":34,"href":"https:\/\/constancin-agency.com\/it\/wp-json\/wp\/v2\/pages\/524\/revisions"}],"predecessor-version":[{"id":979,"href":"https:\/\/constancin-agency.com\/it\/wp-json\/wp\/v2\/pages\/524\/revisions\/979"}],"wp:attachment":[{"href":"https:\/\/constancin-agency.com\/it\/wp-json\/wp\/v2\/media?parent=524"}],"curies":[{"name":"wp","href":"https:\/\/api.w.org\/{rel}","templated":true}]}}