{"id":865,"date":"2024-12-03T18:25:12","date_gmt":"2024-12-03T18:25:12","guid":{"rendered":"https:\/\/constancin-agency.com\/?page_id=865"},"modified":"2024-12-03T18:33:44","modified_gmt":"2024-12-03T18:33:44","slug":"informativa-sulla-privacy","status":"publish","type":"page","link":"https:\/\/constancin-agency.com\/it\/politique-de-confidentialite\/","title":{"rendered":"Informativa sulla privacy"},"content":{"rendered":"<div data-elementor-type=\"wp-page\" data-elementor-id=\"865\" class=\"elementor elementor-865\" data-elementor-post-type=\"page\">\n\t\t\t\t<div class=\"elementor-element elementor-element-9f4f0ec e-flex e-con-boxed e-con e-parent\" data-id=\"9f4f0ec\" data-element_type=\"container\" data-e-type=\"container\" data-settings=\"{&quot;background_background&quot;:&quot;classic&quot;}\">\n\t\t\t\t\t<div class=\"e-con-inner\">\n\t\t\t\t<div class=\"elementor-element elementor-element-a57b1ae elementor-widget elementor-widget-heading\" data-id=\"a57b1ae\" data-element_type=\"widget\" data-e-type=\"widget\" data-widget_type=\"heading.default\">\n\t\t\t\t<div class=\"elementor-widget-container\">\n\t\t\t\t\t<h1 class=\"elementor-heading-title elementor-size-default\">Informativa sulla privacy e note legali<\/h1>\t\t\t\t<\/div>\n\t\t\t\t<\/div>\n\t\t\t\t\t<\/div>\n\t\t\t\t<\/div>\n\t\t<div class=\"elementor-element elementor-element-47df373 e-flex e-con-boxed e-con e-parent\" data-id=\"47df373\" data-element_type=\"container\" data-e-type=\"container\" data-settings=\"{&quot;background_background&quot;:&quot;classic&quot;}\">\n\t\t\t\t\t<div class=\"e-con-inner\">\n\t\t<div class=\"elementor-element elementor-element-d3810d6 e-con-full e-flex e-con e-child\" data-id=\"d3810d6\" data-element_type=\"container\" data-e-type=\"container\">\n\t\t\t\t<div class=\"elementor-element elementor-element-6dfcd1f elementor-widget elementor-widget-heading\" data-id=\"6dfcd1f\" data-element_type=\"widget\" data-e-type=\"widget\" data-widget_type=\"heading.default\">\n\t\t\t\t<div class=\"elementor-widget-container\">\n\t\t\t\t\t<h2 class=\"elementor-heading-title elementor-size-default\">Informativa sulla privacy<\/h2>\t\t\t\t<\/div>\n\t\t\t\t<\/div>\n\t\t<div class=\"elementor-element elementor-element-a1bcc43 e-con-full e-flex e-con e-child\" data-id=\"a1bcc43\" data-element_type=\"container\" data-e-type=\"container\">\n\t\t\t\t<div class=\"elementor-element elementor-element-e1aabc5 elementor-widget elementor-widget-heading\" data-id=\"e1aabc5\" data-element_type=\"widget\" data-e-type=\"widget\" data-widget_type=\"heading.default\">\n\t\t\t\t<div class=\"elementor-widget-container\">\n\t\t\t\t\t<h3 class=\"elementor-heading-title elementor-size-default\">Raccolta di dati personali<\/h3>\t\t\t\t<\/div>\n\t\t\t\t<\/div>\n\t\t\t\t<div class=\"elementor-element elementor-element-415e120 elementor-widget elementor-widget-text-editor\" data-id=\"415e120\" data-element_type=\"widget\" data-e-type=\"widget\" data-widget_type=\"text-editor.default\">\n\t\t\t\t<div class=\"elementor-widget-container\">\n\t\t\t\t\t\t\t\t\t<p>Quando visitate il nostro sito web, possiamo raccogliere informazioni personali come il vostro nome, indirizzo e-mail e numero di telefono. Questi dati vengono raccolti solo con il vostro esplicito consenso.<\/p>\t\t\t\t\t\t\t\t<\/div>\n\t\t\t\t<\/div>\n\t\t\t\t<\/div>\n\t\t<div class=\"elementor-element elementor-element-11bb356 e-con-full e-flex e-con e-child\" data-id=\"11bb356\" data-element_type=\"container\" data-e-type=\"container\">\n\t\t\t\t<div class=\"elementor-element elementor-element-d34eed0 elementor-widget elementor-widget-heading\" data-id=\"d34eed0\" data-element_type=\"widget\" data-e-type=\"widget\" data-widget_type=\"heading.default\">\n\t\t\t\t<div class=\"elementor-widget-container\">\n\t\t\t\t\t<h3 class=\"elementor-heading-title elementor-size-default\">Utilizzo dei dati<\/h3>\t\t\t\t<\/div>\n\t\t\t\t<\/div>\n\t\t\t\t<div class=\"elementor-element elementor-element-5fad073 elementor-widget elementor-widget-text-editor\" data-id=\"5fad073\" data-element_type=\"widget\" data-e-type=\"widget\" data-widget_type=\"text-editor.default\">\n\t\t\t\t<div class=\"elementor-widget-container\">\n\t\t\t\t\t\t\t\t\t<p>Utilizziamo le informazioni personali fornite per rispondere alle vostre richieste, inviarvi informazioni sui nostri prodotti e servizi e migliorare la vostra esperienza sul nostro sito web.<\/p>\t\t\t\t\t\t\t\t<\/div>\n\t\t\t\t<\/div>\n\t\t\t\t<\/div>\n\t\t<div class=\"elementor-element elementor-element-a9bc064 e-con-full e-flex e-con e-child\" data-id=\"a9bc064\" data-element_type=\"container\" data-e-type=\"container\">\n\t\t\t\t<div class=\"elementor-element elementor-element-e05dfa2 elementor-widget elementor-widget-heading\" data-id=\"e05dfa2\" data-element_type=\"widget\" data-e-type=\"widget\" data-widget_type=\"heading.default\">\n\t\t\t\t<div class=\"elementor-widget-container\">\n\t\t\t\t\t<h3 class=\"elementor-heading-title elementor-size-default\">Cookie e Google Analytics<\/h3>\t\t\t\t<\/div>\n\t\t\t\t<\/div>\n\t\t\t\t<div class=\"elementor-element elementor-element-5079a63 elementor-widget elementor-widget-text-editor\" data-id=\"5079a63\" data-element_type=\"widget\" data-e-type=\"widget\" data-widget_type=\"text-editor.default\">\n\t\t\t\t<div class=\"elementor-widget-container\">\n\t\t\t\t\t\t\t\t\t<p>Il nostro sito web utilizza i cookie per migliorare la navigazione e l'esperienza dell'utente. Utilizziamo anche Google Analytics, un servizio di analisi web fornito da Google, Inc. Google Analytics utilizza i cookie per monitorare le modalit\u00e0 di interazione degli utenti con il nostro sito web. Le informazioni raccolte da Google Analytics sono anonime e non sono direttamente collegate alla vostra identit\u00e0 personale.<\/p><p>Per saperne di pi\u00f9 su come Google Analytics raccoglie ed elabora i dati, \u00e8 possibile consultare l'informativa sulla privacy di Google:\u00a0<a href=\"https:\/\/policies.google.com\/privacy\" target=\"_blank\" rel=\"noopener noreferrer nofollow\">Informativa sulla privacy di Google<\/a>.<\/p>\t\t\t\t\t\t\t\t<\/div>\n\t\t\t\t<\/div>\n\t\t\t\t<div class=\"elementor-element elementor-element-0422e91 elementor-widget elementor-widget-heading\" data-id=\"0422e91\" data-element_type=\"widget\" data-e-type=\"widget\" data-widget_type=\"heading.default\">\n\t\t\t\t<div class=\"elementor-widget-container\">\n\t\t\t\t\t<h3 class=\"elementor-heading-title elementor-size-default\">Sicurezza dei dati<\/h3>\t\t\t\t<\/div>\n\t\t\t\t<\/div>\n\t\t\t\t<div class=\"elementor-element elementor-element-e4174e7 elementor-widget elementor-widget-text-editor\" data-id=\"e4174e7\" data-element_type=\"widget\" data-e-type=\"widget\" data-widget_type=\"text-editor.default\">\n\t\t\t\t<div class=\"elementor-widget-container\">\n\t\t\t\t\t\t\t\t\t<p>Adottiamo misure di sicurezza adeguate per proteggere i vostri dati personali da accessi non autorizzati, perdita, alterazione o divulgazione.<\/p>\t\t\t\t\t\t\t\t<\/div>\n\t\t\t\t<\/div>\n\t\t\t\t<div class=\"elementor-element elementor-element-4528d22 elementor-widget elementor-widget-heading\" data-id=\"4528d22\" data-element_type=\"widget\" data-e-type=\"widget\" data-widget_type=\"heading.default\">\n\t\t\t\t<div class=\"elementor-widget-container\">\n\t\t\t\t\t<h3 class=\"elementor-heading-title elementor-size-default\">Diritti dell'utente<\/h3>\t\t\t\t<\/div>\n\t\t\t\t<\/div>\n\t\t\t\t<div class=\"elementor-element elementor-element-e96a309 elementor-widget elementor-widget-text-editor\" data-id=\"e96a309\" data-element_type=\"widget\" data-e-type=\"widget\" data-widget_type=\"text-editor.default\">\n\t\t\t\t<div class=\"elementor-widget-container\">\n\t\t\t\t\t\t\t\t\t<p>Avete il diritto di accedere, rettificare, cancellare o trasferire i vostri dati personali. Per esercitare questi diritti o per porre domande sulla nostra politica sulla privacy, vi preghiamo di contattarci all'indirizzo indicato nella pagina dei contatti.<\/p>\t\t\t\t\t\t\t\t<\/div>\n\t\t\t\t<\/div>\n\t\t\t\t<div class=\"elementor-element elementor-element-f745850 elementor-widget elementor-widget-heading\" data-id=\"f745850\" data-element_type=\"widget\" data-e-type=\"widget\" data-widget_type=\"heading.default\">\n\t\t\t\t<div class=\"elementor-widget-container\">\n\t\t\t\t\t<h2 class=\"elementor-heading-title elementor-size-default\">Informazioni legali<\/h2>\t\t\t\t<\/div>\n\t\t\t\t<\/div>\n\t\t\t\t<div class=\"elementor-element elementor-element-c80cf34 elementor-widget elementor-widget-heading\" data-id=\"c80cf34\" data-element_type=\"widget\" data-e-type=\"widget\" data-widget_type=\"heading.default\">\n\t\t\t\t<div class=\"elementor-widget-container\">\n\t\t\t\t\t<h3 class=\"elementor-heading-title elementor-size-default\">Societ\u00e0 che gestisce il sito<\/h3>\t\t\t\t<\/div>\n\t\t\t\t<\/div>\n\t\t\t\t<div class=\"elementor-element elementor-element-6a0458e elementor-widget elementor-widget-text-editor\" data-id=\"6a0458e\" data-element_type=\"widget\" data-e-type=\"widget\" data-widget_type=\"text-editor.default\">\n\t\t\t\t<div class=\"elementor-widget-container\">\n\t\t\t\t\t\t\t\t\t<p>Agenzia Constancin Chef<\/p><p><b>CONTATTO :<br \/><\/b><a href=\"mailto:sales@constancin-agency.com\">sales@constancin-agency.com<\/a><br \/><a href=\"tel:+41793753096\">+41 (0) 79 375 30 96<\/a><\/p>\t\t\t\t\t\t\t\t<\/div>\n\t\t\t\t<\/div>\n\t\t\t\t<div class=\"elementor-element elementor-element-4cf9f45 elementor-widget elementor-widget-heading\" data-id=\"4cf9f45\" data-element_type=\"widget\" data-e-type=\"widget\" data-widget_type=\"heading.default\">\n\t\t\t\t<div class=\"elementor-widget-container\">\n\t\t\t\t\t<h3 class=\"elementor-heading-title elementor-size-default\">Hosting, design e sviluppo web\n<\/h3>\t\t\t\t<\/div>\n\t\t\t\t<\/div>\n\t\t\t\t<div class=\"elementor-element elementor-element-7081d75 elementor-widget elementor-widget-text-editor\" data-id=\"7081d75\" data-element_type=\"widget\" data-e-type=\"widget\" data-widget_type=\"text-editor.default\">\n\t\t\t\t<div class=\"elementor-widget-container\">\n\t\t\t\t\t\t\t\t\t<p>ADigital - SVIZZERA<\/p><p><a href=\"http:\/\/www.a-digital.ch\/\" target=\"_blank\" rel=\"noopener noreferrer nofollow\">www.a-digital.ch<\/a><\/p><p>INFOMANIAK\u00a0<\/p>\t\t\t\t\t\t\t\t<\/div>\n\t\t\t\t<\/div>\n\t\t\t\t<\/div>\n\t\t\t\t<\/div>\n\t\t\t\t\t<\/div>\n\t\t\t\t<\/div>\n\t\t\t\t<\/div>","protected":false},"excerpt":{"rendered":"<p>Politique de confidentialit\u00e9 et mentions l\u00e9gales Politique de confidentialit\u00e9 Collecte des Donn\u00e9es Personnelles Nous pouvons collecter des informations personnelles telles que votre nom, votre adresse e-mail et votre num\u00e9ro de t\u00e9l\u00e9phone lorsque vous visitez notre site web. Ces donn\u00e9es sont collect\u00e9es uniquement avec votre consentement explicite. Utilisation des Donn\u00e9es Nous utilisons les informations personnelles que [&hellip;]<\/p>\n","protected":false},"author":1,"featured_media":0,"parent":0,"menu_order":0,"comment_status":"closed","ping_status":"closed","template":"","meta":{"_monsterinsights_skip_tracking":false,"_monsterinsights_sitenote_active":false,"_monsterinsights_sitenote_note":"","_monsterinsights_sitenote_category":0,"footnotes":""},"class_list":["post-865","page","type-page","status-publish","hentry"],"_links":{"self":[{"href":"https:\/\/constancin-agency.com\/it\/wp-json\/wp\/v2\/pages\/865","targetHints":{"allow":["GET"]}}],"collection":[{"href":"https:\/\/constancin-agency.com\/it\/wp-json\/wp\/v2\/pages"}],"about":[{"href":"https:\/\/constancin-agency.com\/it\/wp-json\/wp\/v2\/types\/page"}],"author":[{"embeddable":true,"href":"https:\/\/constancin-agency.com\/it\/wp-json\/wp\/v2\/users\/1"}],"replies":[{"embeddable":true,"href":"https:\/\/constancin-agency.com\/it\/wp-json\/wp\/v2\/comments?post=865"}],"version-history":[{"count":4,"href":"https:\/\/constancin-agency.com\/it\/wp-json\/wp\/v2\/pages\/865\/revisions"}],"predecessor-version":[{"id":872,"href":"https:\/\/constancin-agency.com\/it\/wp-json\/wp\/v2\/pages\/865\/revisions\/872"}],"wp:attachment":[{"href":"https:\/\/constancin-agency.com\/it\/wp-json\/wp\/v2\/media?parent=865"}],"curies":[{"name":"wp","href":"https:\/\/api.w.org\/{rel}","templated":true}]}}